{"id":1117,"date":"2022-05-17T14:48:00","date_gmt":"2022-05-17T14:48:00","guid":{"rendered":"http:\/\/cesa-cegc.co\/?page_id=1117"},"modified":"2024-05-20T19:41:53","modified_gmt":"2024-05-20T19:41:53","slug":"que-hacemos","status":"publish","type":"page","link":"https:\/\/cesa-cegc.co\/en\/que-hacemos\/","title":{"rendered":"What do we do?"},"content":{"rendered":"<div data-elementor-type=\"wp-page\" data-elementor-id=\"1117\" class=\"elementor elementor-1117\">\n\t\t\t\t\t\t<section class=\"elementor-section elementor-top-section elementor-element elementor-element-5fee8d63 elementor-section-height-min-height elementor-section-boxed elementor-section-height-default elementor-section-items-middle\" data-id=\"5fee8d63\" data-element_type=\"section\" data-e-type=\"section\" data-settings=\"{&quot;background_background&quot;:&quot;classic&quot;}\">\n\t\t\t\t\t\t\t<div class=\"elementor-background-overlay\"><\/div>\n\t\t\t\t\t\t\t<div class=\"elementor-container elementor-column-gap-default\">\n\t\t\t\t\t<div class=\"elementor-column elementor-col-100 elementor-top-column elementor-element elementor-element-5154c08\" data-id=\"5154c08\" data-element_type=\"column\" data-e-type=\"column\">\n\t\t\t<div class=\"elementor-widget-wrap elementor-element-populated\">\n\t\t\t\t\t\t<div class=\"elementor-element elementor-element-4f83dd66 elementor-widget elementor-widget-heading\" data-id=\"4f83dd66\" data-element_type=\"widget\" data-e-type=\"widget\" data-widget_type=\"heading.default\">\n\t\t\t\t<div class=\"elementor-widget-container\">\n\t\t\t\t\t<h2 class=\"elementor-heading-title elementor-size-default\">What do we do?<\/h2>\t\t\t\t<\/div>\n\t\t\t\t<\/div>\n\t\t\t\t\t<\/div>\n\t\t<\/div>\n\t\t\t\t\t<\/div>\n\t\t<\/section>\n\t\t\t\t<section class=\"elementor-section elementor-top-section elementor-element elementor-element-49e7c2c9 elementor-section-full_width elementor-section-height-default elementor-section-height-default\" data-id=\"49e7c2c9\" data-element_type=\"section\" data-e-type=\"section\">\n\t\t\t\t\t\t<div class=\"elementor-container elementor-column-gap-default\">\n\t\t\t\t\t<div class=\"elementor-column elementor-col-33 elementor-top-column elementor-element elementor-element-7e843d2c\" data-id=\"7e843d2c\" data-element_type=\"column\" data-e-type=\"column\">\n\t\t\t<div class=\"elementor-widget-wrap elementor-element-populated\">\n\t\t\t\t\t\t<div class=\"elementor-element elementor-element-5069b673 elementor-hidden-mobile elementor-widget-divider--view-line elementor-widget elementor-widget-divider\" data-id=\"5069b673\" data-element_type=\"widget\" data-e-type=\"widget\" data-widget_type=\"divider.default\">\n\t\t\t\t<div class=\"elementor-widget-container\">\n\t\t\t\t\t\t\t<div class=\"elementor-divider\">\n\t\t\t<span class=\"elementor-divider-separator\">\n\t\t\t\t\t\t<\/span>\n\t\t<\/div>\n\t\t\t\t\t\t<\/div>\n\t\t\t\t<\/div>\n\t\t\t\t\t<\/div>\n\t\t<\/div>\n\t\t\t\t<div class=\"elementor-column elementor-col-33 elementor-top-column elementor-element elementor-element-1a083882\" data-id=\"1a083882\" data-element_type=\"column\" data-e-type=\"column\">\n\t\t\t<div class=\"elementor-widget-wrap elementor-element-populated\">\n\t\t\t\t\t\t<div class=\"elementor-element elementor-element-21f4ee56 elementor-widget elementor-widget-heading\" data-id=\"21f4ee56\" data-element_type=\"widget\" data-e-type=\"widget\" data-widget_type=\"heading.default\">\n\t\t\t\t<div class=\"elementor-widget-container\">\n\t\t\t\t\t<h2 class=\"elementor-heading-title elementor-size-default\">What do we do?<\/h2>\t\t\t\t<\/div>\n\t\t\t\t<\/div>\n\t\t\t\t\t<\/div>\n\t\t<\/div>\n\t\t\t\t<div class=\"elementor-column elementor-col-33 elementor-top-column elementor-element elementor-element-786042ae\" data-id=\"786042ae\" data-element_type=\"column\" data-e-type=\"column\">\n\t\t\t<div class=\"elementor-widget-wrap elementor-element-populated\">\n\t\t\t\t\t\t<div class=\"elementor-element elementor-element-41b409eb elementor-widget-divider--view-line elementor-widget elementor-widget-divider\" data-id=\"41b409eb\" data-element_type=\"widget\" data-e-type=\"widget\" data-widget_type=\"divider.default\">\n\t\t\t\t<div class=\"elementor-widget-container\">\n\t\t\t\t\t\t\t<div class=\"elementor-divider\">\n\t\t\t<span class=\"elementor-divider-separator\">\n\t\t\t\t\t\t<\/span>\n\t\t<\/div>\n\t\t\t\t\t\t<\/div>\n\t\t\t\t<\/div>\n\t\t\t\t\t<\/div>\n\t\t<\/div>\n\t\t\t\t\t<\/div>\n\t\t<\/section>\n\t\t\t\t<section class=\"elementor-section elementor-top-section elementor-element elementor-element-7fabb762 elementor-section-boxed elementor-section-height-default elementor-section-height-default\" data-id=\"7fabb762\" data-element_type=\"section\" data-e-type=\"section\">\n\t\t\t\t\t\t<div class=\"elementor-container elementor-column-gap-default\">\n\t\t\t\t\t<div class=\"elementor-column elementor-col-100 elementor-top-column elementor-element elementor-element-56459f6\" data-id=\"56459f6\" data-element_type=\"column\" data-e-type=\"column\">\n\t\t\t<div class=\"elementor-widget-wrap elementor-element-populated\">\n\t\t\t\t\t\t<div class=\"elementor-element elementor-element-1759de06 elementor-widget elementor-widget-text-editor\" data-id=\"1759de06\" data-element_type=\"widget\" data-e-type=\"widget\" data-widget_type=\"text-editor.default\">\n\t\t\t\t<div class=\"elementor-widget-container\">\n\t\t\t\t\t\t\t\t\t<p><span style=\"font-weight: 400;\">En nuestra trayectoria, hemos realizado diferentes actividades para fomentar el desarrollo como centro de intercambio de informaci\u00f3n y conocimiento en gobierno corporativo y sostenibilidad. Lo anterior, mediante la creaci\u00f3n de espacios en los siguientes frentes: <\/span><i><span style=\"font-weight: 400;\">investigaci\u00f3n, formaci\u00f3n, y relacionamiento con el sector empresarial<\/span><\/i><span style=\"font-weight: 400;\">.<\/span><\/p>\t\t\t\t\t\t\t\t<\/div>\n\t\t\t\t<\/div>\n\t\t\t\t<section class=\"elementor-section elementor-inner-section elementor-element elementor-element-51dc36a4 elementor-section-boxed elementor-section-height-default elementor-section-height-default\" data-id=\"51dc36a4\" data-element_type=\"section\" data-e-type=\"section\">\n\t\t\t\t\t\t<div class=\"elementor-container elementor-column-gap-default\">\n\t\t\t\t\t<div class=\"elementor-column elementor-col-50 elementor-inner-column elementor-element elementor-element-50ee683b\" data-id=\"50ee683b\" data-element_type=\"column\" data-e-type=\"column\">\n\t\t\t<div class=\"elementor-widget-wrap elementor-element-populated\">\n\t\t\t\t\t\t<div class=\"elementor-element elementor-element-2a33721a elementor-view-default elementor-widget elementor-widget-icon\" data-id=\"2a33721a\" data-element_type=\"widget\" data-e-type=\"widget\" data-widget_type=\"icon.default\">\n\t\t\t\t<div class=\"elementor-widget-container\">\n\t\t\t\t\t\t\t<div class=\"elementor-icon-wrapper\">\n\t\t\t<div class=\"elementor-icon\">\n\t\t\t<i aria-hidden=\"true\" class=\"fas fa-search\"><\/i>\t\t\t<\/div>\n\t\t<\/div>\n\t\t\t\t\t\t<\/div>\n\t\t\t\t<\/div>\n\t\t\t\t\t<\/div>\n\t\t<\/div>\n\t\t\t\t<div class=\"elementor-column elementor-col-50 elementor-inner-column elementor-element elementor-element-36d73e7d\" data-id=\"36d73e7d\" data-element_type=\"column\" data-e-type=\"column\">\n\t\t\t<div class=\"elementor-widget-wrap elementor-element-populated\">\n\t\t\t\t\t\t<div class=\"elementor-element elementor-element-74a74bb1 elementor-widget elementor-widget-heading\" data-id=\"74a74bb1\" data-element_type=\"widget\" data-e-type=\"widget\" data-widget_type=\"heading.default\">\n\t\t\t\t<div class=\"elementor-widget-container\">\n\t\t\t\t\t<h2 class=\"elementor-heading-title elementor-size-default\">RESEARCH<\/h2>\t\t\t\t<\/div>\n\t\t\t\t<\/div>\n\t\t\t\t<div class=\"elementor-element elementor-element-3420488b elementor-widget__width-initial elementor-widget elementor-widget-text-editor\" data-id=\"3420488b\" data-element_type=\"widget\" data-e-type=\"widget\" data-widget_type=\"text-editor.default\">\n\t\t\t\t<div class=\"elementor-widget-container\">\n\t\t\t\t\t\t\t\t\t<p><span style=\"font-weight: 400;\">A trav\u00e9s del despliegue de una agenda de investigaci\u00f3n en materia de gobierno corporativo y sostenibilidad, desde el CEGC generamos publicaciones que responden a las exigencias propias de la academia, pero que adem\u00e1s sean pertinentes para el sector empresarial colombiano. Para conocer todas nuestras publicaciones puedes ingresar a la secci\u00f3n p<\/span>ublicaciones o hacer clic en este enlace.\u00a0<\/p><p><a href=\"http:\/\/cesa-cegc.co\/en\/?page_id=529\">Ver Publicaciones &gt;&gt;\u00a0<\/a><\/p>\t\t\t\t\t\t\t\t<\/div>\n\t\t\t\t<\/div>\n\t\t\t\t\t<\/div>\n\t\t<\/div>\n\t\t\t\t\t<\/div>\n\t\t<\/section>\n\t\t\t\t<section class=\"elementor-section elementor-inner-section elementor-element elementor-element-21691f0c elementor-section-boxed elementor-section-height-default elementor-section-height-default\" data-id=\"21691f0c\" data-element_type=\"section\" data-e-type=\"section\">\n\t\t\t\t\t\t<div class=\"elementor-container elementor-column-gap-default\">\n\t\t\t\t\t<div class=\"elementor-column elementor-col-50 elementor-inner-column elementor-element elementor-element-4132202d\" data-id=\"4132202d\" data-element_type=\"column\" data-e-type=\"column\">\n\t\t\t<div class=\"elementor-widget-wrap elementor-element-populated\">\n\t\t\t\t\t\t<div class=\"elementor-element elementor-element-160d9289 elementor-view-default elementor-widget elementor-widget-icon\" data-id=\"160d9289\" data-element_type=\"widget\" data-e-type=\"widget\" data-widget_type=\"icon.default\">\n\t\t\t\t<div class=\"elementor-widget-container\">\n\t\t\t\t\t\t\t<div class=\"elementor-icon-wrapper\">\n\t\t\t<div class=\"elementor-icon\">\n\t\t\t<i aria-hidden=\"true\" class=\"fas fa-graduation-cap\"><\/i>\t\t\t<\/div>\n\t\t<\/div>\n\t\t\t\t\t\t<\/div>\n\t\t\t\t<\/div>\n\t\t\t\t\t<\/div>\n\t\t<\/div>\n\t\t\t\t<div class=\"elementor-column elementor-col-50 elementor-inner-column elementor-element elementor-element-26de74c3\" data-id=\"26de74c3\" data-element_type=\"column\" data-e-type=\"column\">\n\t\t\t<div class=\"elementor-widget-wrap elementor-element-populated\">\n\t\t\t\t\t\t<div class=\"elementor-element elementor-element-6d3a0fa7 elementor-widget elementor-widget-heading\" data-id=\"6d3a0fa7\" data-element_type=\"widget\" data-e-type=\"widget\" data-widget_type=\"heading.default\">\n\t\t\t\t<div class=\"elementor-widget-container\">\n\t\t\t\t\t<h2 class=\"elementor-heading-title elementor-size-default\">TRAINING<\/h2>\t\t\t\t<\/div>\n\t\t\t\t<\/div>\n\t\t\t\t<div class=\"elementor-element elementor-element-26613e56 elementor-widget elementor-widget-text-editor\" data-id=\"26613e56\" data-element_type=\"widget\" data-e-type=\"widget\" data-widget_type=\"text-editor.default\">\n\t\t\t\t<div class=\"elementor-widget-container\">\n\t\t\t\t\t\t\t\t\t<p><span style=\"font-weight: 400;\">Desarrollamos programas de actualizaci\u00f3n de conocimientos, y hemos logrado incidir en los temas que se abordan en los programas de educaci\u00f3n de pregrado y posgrado en la instituci\u00f3n. La formaci\u00f3n de actores de gobierno corporativo ha sido una tarea que se adelanta de manera recurrente, trabajando con las juntas directivas y los equipos de alta gerencia de todo tipo de organizaciones en el pa\u00eds, con y sin \u00e1nimo de lucro, p\u00fablicas y privadas.<\/span><\/p>\t\t\t\t\t\t\t\t<\/div>\n\t\t\t\t<\/div>\n\t\t\t\t\t<\/div>\n\t\t<\/div>\n\t\t\t\t\t<\/div>\n\t\t<\/section>\n\t\t\t\t\t<\/div>\n\t\t<\/div>\n\t\t\t\t\t<\/div>\n\t\t<\/section>\n\t\t\t\t<section class=\"elementor-section elementor-top-section elementor-element elementor-element-403289fd elementor-section-content-middle elementor-section-boxed elementor-section-height-default elementor-section-height-default\" data-id=\"403289fd\" data-element_type=\"section\" data-e-type=\"section\" data-settings=\"{&quot;background_background&quot;:&quot;classic&quot;}\">\n\t\t\t\t\t\t<div class=\"elementor-container elementor-column-gap-no\">\n\t\t\t\t\t<div class=\"elementor-column elementor-col-50 elementor-top-column elementor-element elementor-element-76626dfa\" data-id=\"76626dfa\" data-element_type=\"column\" data-e-type=\"column\">\n\t\t\t<div class=\"elementor-widget-wrap elementor-element-populated\">\n\t\t\t\t\t\t<div class=\"elementor-element elementor-element-61d8cad9 elementor-view-default elementor-widget elementor-widget-icon\" data-id=\"61d8cad9\" data-element_type=\"widget\" data-e-type=\"widget\" data-widget_type=\"icon.default\">\n\t\t\t\t<div class=\"elementor-widget-container\">\n\t\t\t\t\t\t\t<div class=\"elementor-icon-wrapper\">\n\t\t\t<div class=\"elementor-icon\">\n\t\t\t<i aria-hidden=\"true\" class=\"fas fa-handshake\"><\/i>\t\t\t<\/div>\n\t\t<\/div>\n\t\t\t\t\t\t<\/div>\n\t\t\t\t<\/div>\n\t\t\t\t\t<\/div>\n\t\t<\/div>\n\t\t\t\t<div class=\"elementor-column elementor-col-50 elementor-top-column elementor-element elementor-element-735c8e74\" data-id=\"735c8e74\" data-element_type=\"column\" data-e-type=\"column\">\n\t\t\t<div class=\"elementor-widget-wrap elementor-element-populated\">\n\t\t\t\t\t\t<div class=\"elementor-element elementor-element-754d45c2 elementor-widget elementor-widget-heading\" data-id=\"754d45c2\" data-element_type=\"widget\" data-e-type=\"widget\" data-widget_type=\"heading.default\">\n\t\t\t\t<div class=\"elementor-widget-container\">\n\t\t\t\t\t<h2 class=\"elementor-heading-title elementor-size-default\">Relationship with the business sector<\/h2>\t\t\t\t<\/div>\n\t\t\t\t<\/div>\n\t\t\t\t<div class=\"elementor-element elementor-element-19b8046a elementor-widget elementor-widget-text-editor\" data-id=\"19b8046a\" data-element_type=\"widget\" data-e-type=\"widget\" data-widget_type=\"text-editor.default\">\n\t\t\t\t<div class=\"elementor-widget-container\">\n\t\t\t\t\t\t\t\t\t<p><span style=\"font-weight: 400;\">Realizamos actividades a nivel empresa que pretenden mejorar las pr\u00e1cticas de gobierno corporativo y sostenibilidad a trav\u00e9s de asesor\u00eda y acompa\u00f1amiento t\u00e9cnico. Lo anterior cubre los proyectos de consultor\u00eda para la valoraci\u00f3n y desarrollo de buenas pr\u00e1cticas de gobierno corporativo, as\u00ed como los procesos de acompa\u00f1amiento t\u00e9cnico realizados, de manera individual o de manera conjunta con el Banco Mundial a trav\u00e9s de la IFC, el Instituto Colombiano de Gobierno Corporativo y Page Executive, entre otros aliados.\u00a0<\/span><\/p><p><span style=\"font-weight: 400;\">En el relacionamiento con el sector empresarial, nos hemos convertido en el aliado t\u00e9cnico de diferentes contrapartes en el mercado, como la Bolsa de Valores de Colombia, IFC de grupo Banco Mundial, algunas superintendencias, gremios y c\u00e1maras de comercio en el pa\u00eds. Adem\u00e1s de lo anterior, los miembros del CEGC acompa\u00f1an todo tipo de organizaciones, desde nuevos emprendimientos, hasta universidades u organizaciones estatales, en el desarrollo y consolidaci\u00f3n de buenas pr\u00e1cticas de gobierno. Dentro de las compa\u00f1\u00edas que hacen parte de este proceso se encuentran aquellas que hacen parte de los emisores m\u00e1s l\u00edquidos en la Bolsa de Valores de Colombia.<\/span><\/p><p><span style=\"font-weight: 400;\">Dentro del activismo institucional estamos a cargo de la secretaria t\u00e9cnica de iniciativas como el <\/span><span style=\"font-weight: 400;\">30% club<\/span><span style=\"font-weight: 400;\"> y el <\/span><span style=\"font-weight: 400;\">Observatorio de la condici\u00f3n BIC<\/span><span style=\"font-weight: 400;\">. <\/span><\/p>\t\t\t\t\t\t\t\t<\/div>\n\t\t\t\t<\/div>\n\t\t\t\t\t<\/div>\n\t\t<\/div>\n\t\t\t\t\t<\/div>\n\t\t<\/section>\n\t\t\t\t<\/div>","protected":false},"excerpt":{"rendered":"<p>Nuestro Trabajo \u00bfQu\u00e9 Hacemos? En nuestra trayectoria, hemos realizado diferentes actividades para fomentar el desarrollo como centro de intercambio de informaci\u00f3n y conocimiento en gobierno corporativo y sostenibilidad. Lo anterior, mediante la creaci\u00f3n de espacios en los siguientes frentes: investigaci\u00f3n, formaci\u00f3n, y relacionamiento con el sector empresarial. Investigaci\u00f3n A trav\u00e9s del despliegue de una agenda [&hellip;]<\/p>\n","protected":false},"author":1,"featured_media":0,"parent":0,"menu_order":0,"comment_status":"closed","ping_status":"closed","template":"","meta":{"nf_dc_page":"","om_disable_all_campaigns":false,"_monsterinsights_skip_tracking":false,"_monsterinsights_sitenote_active":false,"_monsterinsights_sitenote_note":"","_monsterinsights_sitenote_category":0,"site-sidebar-layout":"no-sidebar","site-content-layout":"page-builder","ast-site-content-layout":"default","site-content-style":"default","site-sidebar-style":"default","ast-global-header-display":"","ast-banner-title-visibility":"","ast-main-header-display":"","ast-hfb-above-header-display":"","ast-hfb-below-header-display":"","ast-hfb-mobile-header-display":"","site-post-title":"disabled","ast-breadcrumbs-content":"","ast-featured-img":"disabled","footer-sml-layout":"","ast-disable-related-posts":"","theme-transparent-header-meta":"","adv-header-id-meta":"","stick-header-meta":"","header-above-stick-meta":"","header-main-stick-meta":"","header-below-stick-meta":"","astra-migrate-meta-layouts":"default","ast-page-background-enabled":"default","ast-page-background-meta":{"desktop":{"background-color":"","background-image":"","background-repeat":"repeat","background-position":"center center","background-size":"auto","background-attachment":"scroll","background-type":"","background-media":"","overlay-type":"","overlay-color":"","overlay-opacity":"","overlay-gradient":""},"tablet":{"background-color":"","background-image":"","background-repeat":"repeat","background-position":"center center","background-size":"auto","background-attachment":"scroll","background-type":"","background-media":"","overlay-type":"","overlay-color":"","overlay-opacity":"","overlay-gradient":""},"mobile":{"background-color":"","background-image":"","background-repeat":"repeat","background-position":"center center","background-size":"auto","background-attachment":"scroll","background-type":"","background-media":"","overlay-type":"","overlay-color":"","overlay-opacity":"","overlay-gradient":""}},"ast-content-background-meta":{"desktop":{"background-color":"var(--ast-global-color-5)","background-image":"","background-repeat":"repeat","background-position":"center center","background-size":"auto","background-attachment":"scroll","background-type":"","background-media":"","overlay-type":"","overlay-color":"","overlay-opacity":"","overlay-gradient":""},"tablet":{"background-color":"var(--ast-global-color-5)","background-image":"","background-repeat":"repeat","background-position":"center center","background-size":"auto","background-attachment":"scroll","background-type":"","background-media":"","overlay-type":"","overlay-color":"","overlay-opacity":"","overlay-gradient":""},"mobile":{"background-color":"var(--ast-global-color-5)","background-image":"","background-repeat":"repeat","background-position":"center center","background-size":"auto","background-attachment":"scroll","background-type":"","background-media":"","overlay-type":"","overlay-color":"","overlay-opacity":"","overlay-gradient":""}},"footnotes":""},"class_list":["post-1117","page","type-page","status-publish","hentry"],"yoast_head":"<!-- This site is optimized with the Yoast SEO plugin v27.4 - https:\/\/yoast.com\/product\/yoast-seo-wordpress\/ -->\n<title>Qu\u00e9 Hacemos - CESA-CEGC<\/title>\n<meta name=\"description\" content=\"Centro de Estudios en Gobierno Corporativo (CEGC) se enfoca en investigaci\u00f3n, formaci\u00f3n, y relacionamiento con el sector empresarial.\" \/>\n<meta name=\"robots\" content=\"index, follow, max-snippet:-1, max-image-preview:large, max-video-preview:-1\" \/>\n<link rel=\"canonical\" href=\"https:\/\/cesa-cegc.co\/en\/que-hacemos\/\" \/>\n<meta property=\"og:locale\" content=\"en_US\" \/>\n<meta property=\"og:type\" content=\"article\" \/>\n<meta property=\"og:title\" content=\"Qu\u00e9 Hacemos - CESA-CEGC\" \/>\n<meta property=\"og:description\" content=\"Centro de Estudios en Gobierno Corporativo (CEGC) se enfoca en investigaci\u00f3n, formaci\u00f3n, y relacionamiento con el sector empresarial.\" \/>\n<meta property=\"og:url\" content=\"https:\/\/cesa-cegc.co\/en\/que-hacemos\/\" \/>\n<meta property=\"og:site_name\" content=\"CESA-CEGC\" \/>\n<meta property=\"article:modified_time\" content=\"2024-05-20T19:41:53+00:00\" \/>\n<meta name=\"twitter:card\" content=\"summary_large_image\" \/>\n<meta name=\"twitter:label1\" content=\"Est. reading time\" \/>\n\t<meta name=\"twitter:data1\" content=\"2 minutes\" \/>\n<script type=\"application\/ld+json\" class=\"yoast-schema-graph\">{\"@context\":\"https:\\\/\\\/schema.org\",\"@graph\":[{\"@type\":\"WebPage\",\"@id\":\"https:\\\/\\\/cesa-cegc.co\\\/es\\\/que-hacemos\\\/\",\"url\":\"https:\\\/\\\/cesa-cegc.co\\\/es\\\/que-hacemos\\\/\",\"name\":\"Qu\u00e9 Hacemos - CESA-CEGC\",\"isPartOf\":{\"@id\":\"http:\\\/\\\/cesa-cegc.co\\\/#website\"},\"datePublished\":\"2022-05-17T14:48:00+00:00\",\"dateModified\":\"2024-05-20T19:41:53+00:00\",\"description\":\"Centro de Estudios en Gobierno Corporativo (CEGC) se enfoca en investigaci\u00f3n, formaci\u00f3n, y relacionamiento con el sector empresarial.\",\"breadcrumb\":{\"@id\":\"https:\\\/\\\/cesa-cegc.co\\\/es\\\/que-hacemos\\\/#breadcrumb\"},\"inLanguage\":\"en-US\",\"potentialAction\":[{\"@type\":\"ReadAction\",\"target\":[\"https:\\\/\\\/cesa-cegc.co\\\/es\\\/que-hacemos\\\/\"]}]},{\"@type\":\"BreadcrumbList\",\"@id\":\"https:\\\/\\\/cesa-cegc.co\\\/es\\\/que-hacemos\\\/#breadcrumb\",\"itemListElement\":[{\"@type\":\"ListItem\",\"position\":1,\"name\":\"Home\",\"item\":\"https:\\\/\\\/cesa-cegc.co\\\/\"},{\"@type\":\"ListItem\",\"position\":2,\"name\":\"Qu\u00e9 Hacemos\"}]},{\"@type\":\"WebSite\",\"@id\":\"http:\\\/\\\/cesa-cegc.co\\\/#website\",\"url\":\"http:\\\/\\\/cesa-cegc.co\\\/\",\"name\":\"CESA-CEGC\",\"description\":\"Centro de Estudios en Gobierno Corporativo-CESA\",\"publisher\":{\"@id\":\"http:\\\/\\\/cesa-cegc.co\\\/#organization\"},\"potentialAction\":[{\"@type\":\"SearchAction\",\"target\":{\"@type\":\"EntryPoint\",\"urlTemplate\":\"http:\\\/\\\/cesa-cegc.co\\\/?s={search_term_string}\"},\"query-input\":{\"@type\":\"PropertyValueSpecification\",\"valueRequired\":true,\"valueName\":\"search_term_string\"}}],\"inLanguage\":\"en-US\"},{\"@type\":\"Organization\",\"@id\":\"http:\\\/\\\/cesa-cegc.co\\\/#organization\",\"name\":\"CESA-CEGC\",\"url\":\"http:\\\/\\\/cesa-cegc.co\\\/\",\"logo\":{\"@type\":\"ImageObject\",\"inLanguage\":\"en-US\",\"@id\":\"http:\\\/\\\/cesa-cegc.co\\\/#\\\/schema\\\/logo\\\/image\\\/\",\"url\":\"https:\\\/\\\/i0.wp.com\\\/cesa-cegc.co\\\/wp-content\\\/uploads\\\/2020\\\/02\\\/CESA-50-CEGC.png?fit=350%2C77&ssl=1\",\"contentUrl\":\"https:\\\/\\\/i0.wp.com\\\/cesa-cegc.co\\\/wp-content\\\/uploads\\\/2020\\\/02\\\/CESA-50-CEGC.png?fit=350%2C77&ssl=1\",\"width\":350,\"height\":77,\"caption\":\"CESA-CEGC\"},\"image\":{\"@id\":\"http:\\\/\\\/cesa-cegc.co\\\/#\\\/schema\\\/logo\\\/image\\\/\"}}]}<\/script>\n<!-- \/ Yoast SEO plugin. -->","yoast_head_json":{"title":"Qu\u00e9 Hacemos - CESA-CEGC","description":"Centro de Estudios en Gobierno Corporativo (CEGC) se enfoca en investigaci\u00f3n, formaci\u00f3n, y relacionamiento con el sector empresarial.","robots":{"index":"index","follow":"follow","max-snippet":"max-snippet:-1","max-image-preview":"max-image-preview:large","max-video-preview":"max-video-preview:-1"},"canonical":"https:\/\/cesa-cegc.co\/en\/que-hacemos\/","og_locale":"en_US","og_type":"article","og_title":"Qu\u00e9 Hacemos - CESA-CEGC","og_description":"Centro de Estudios en Gobierno Corporativo (CEGC) se enfoca en investigaci\u00f3n, formaci\u00f3n, y relacionamiento con el sector empresarial.","og_url":"https:\/\/cesa-cegc.co\/en\/que-hacemos\/","og_site_name":"CESA-CEGC","article_modified_time":"2024-05-20T19:41:53+00:00","twitter_card":"summary_large_image","twitter_misc":{"Est. reading time":"2 minutes"},"schema":{"@context":"https:\/\/schema.org","@graph":[{"@type":"WebPage","@id":"https:\/\/cesa-cegc.co\/es\/que-hacemos\/","url":"https:\/\/cesa-cegc.co\/es\/que-hacemos\/","name":"Qu\u00e9 Hacemos - CESA-CEGC","isPartOf":{"@id":"http:\/\/cesa-cegc.co\/#website"},"datePublished":"2022-05-17T14:48:00+00:00","dateModified":"2024-05-20T19:41:53+00:00","description":"Centro de Estudios en Gobierno Corporativo (CEGC) se enfoca en investigaci\u00f3n, formaci\u00f3n, y relacionamiento con el sector empresarial.","breadcrumb":{"@id":"https:\/\/cesa-cegc.co\/es\/que-hacemos\/#breadcrumb"},"inLanguage":"en-US","potentialAction":[{"@type":"ReadAction","target":["https:\/\/cesa-cegc.co\/es\/que-hacemos\/"]}]},{"@type":"BreadcrumbList","@id":"https:\/\/cesa-cegc.co\/es\/que-hacemos\/#breadcrumb","itemListElement":[{"@type":"ListItem","position":1,"name":"Home","item":"https:\/\/cesa-cegc.co\/"},{"@type":"ListItem","position":2,"name":"Qu\u00e9 Hacemos"}]},{"@type":"WebSite","@id":"http:\/\/cesa-cegc.co\/#website","url":"http:\/\/cesa-cegc.co\/","name":"CESA-CEGC","description":"Center for Corporate Governance Studies - CESA","publisher":{"@id":"http:\/\/cesa-cegc.co\/#organization"},"potentialAction":[{"@type":"SearchAction","target":{"@type":"EntryPoint","urlTemplate":"http:\/\/cesa-cegc.co\/?s={search_term_string}"},"query-input":{"@type":"PropertyValueSpecification","valueRequired":true,"valueName":"search_term_string"}}],"inLanguage":"en-US"},{"@type":"Organization","@id":"http:\/\/cesa-cegc.co\/#organization","name":"CESA-CEGC","url":"http:\/\/cesa-cegc.co\/","logo":{"@type":"ImageObject","inLanguage":"en-US","@id":"http:\/\/cesa-cegc.co\/#\/schema\/logo\/image\/","url":"https:\/\/i0.wp.com\/cesa-cegc.co\/wp-content\/uploads\/2020\/02\/CESA-50-CEGC.png?fit=350%2C77&ssl=1","contentUrl":"https:\/\/i0.wp.com\/cesa-cegc.co\/wp-content\/uploads\/2020\/02\/CESA-50-CEGC.png?fit=350%2C77&ssl=1","width":350,"height":77,"caption":"CESA-CEGC"},"image":{"@id":"http:\/\/cesa-cegc.co\/#\/schema\/logo\/image\/"}}]}},"jetpack_sharing_enabled":true,"_links":{"self":[{"href":"https:\/\/cesa-cegc.co\/en\/wp-json\/wp\/v2\/pages\/1117","targetHints":{"allow":["GET"]}}],"collection":[{"href":"https:\/\/cesa-cegc.co\/en\/wp-json\/wp\/v2\/pages"}],"about":[{"href":"https:\/\/cesa-cegc.co\/en\/wp-json\/wp\/v2\/types\/page"}],"author":[{"embeddable":true,"href":"https:\/\/cesa-cegc.co\/en\/wp-json\/wp\/v2\/users\/1"}],"replies":[{"embeddable":true,"href":"https:\/\/cesa-cegc.co\/en\/wp-json\/wp\/v2\/comments?post=1117"}],"version-history":[{"count":5,"href":"https:\/\/cesa-cegc.co\/en\/wp-json\/wp\/v2\/pages\/1117\/revisions"}],"predecessor-version":[{"id":1917,"href":"https:\/\/cesa-cegc.co\/en\/wp-json\/wp\/v2\/pages\/1117\/revisions\/1917"}],"wp:attachment":[{"href":"https:\/\/cesa-cegc.co\/en\/wp-json\/wp\/v2\/media?parent=1117"}],"curies":[{"name":"wp","href":"https:\/\/api.w.org\/{rel}","templated":true}]}}