{"id":1125,"date":"2022-05-17T14:52:59","date_gmt":"2022-05-17T14:52:59","guid":{"rendered":"http:\/\/cesa-cegc.co\/?page_id=1125"},"modified":"2024-05-20T21:07:38","modified_gmt":"2024-05-20T21:07:38","slug":"como-lo-hacemos","status":"publish","type":"page","link":"https:\/\/cesa-cegc.co\/en\/como-lo-hacemos\/","title":{"rendered":"How do we work?"},"content":{"rendered":"<div data-elementor-type=\"wp-page\" data-elementor-id=\"1125\" class=\"elementor elementor-1125\">\n\t\t\t\t\t\t<section class=\"elementor-section elementor-top-section elementor-element elementor-element-77f52e96 elementor-section-height-min-height elementor-section-boxed elementor-section-height-default elementor-section-items-middle\" data-id=\"77f52e96\" data-element_type=\"section\" data-e-type=\"section\" data-settings=\"{&quot;background_background&quot;:&quot;classic&quot;}\">\n\t\t\t\t\t\t\t<div class=\"elementor-background-overlay\"><\/div>\n\t\t\t\t\t\t\t<div class=\"elementor-container elementor-column-gap-default\">\n\t\t\t\t\t<div class=\"elementor-column elementor-col-100 elementor-top-column elementor-element elementor-element-640d6e6a\" data-id=\"640d6e6a\" data-element_type=\"column\" data-e-type=\"column\">\n\t\t\t<div class=\"elementor-widget-wrap elementor-element-populated\">\n\t\t\t\t\t\t<div class=\"elementor-element elementor-element-5f7dced4 elementor-widget elementor-widget-heading\" data-id=\"5f7dced4\" data-element_type=\"widget\" data-e-type=\"widget\" data-widget_type=\"heading.default\">\n\t\t\t\t<div class=\"elementor-widget-container\">\n\t\t\t\t\t<h2 class=\"elementor-heading-title elementor-size-default\">What do we do?<\/h2>\t\t\t\t<\/div>\n\t\t\t\t<\/div>\n\t\t\t\t\t<\/div>\n\t\t<\/div>\n\t\t\t\t\t<\/div>\n\t\t<\/section>\n\t\t\t\t<section class=\"elementor-section elementor-top-section elementor-element elementor-element-10f19689 elementor-section-full_width elementor-section-height-default elementor-section-height-default\" data-id=\"10f19689\" data-element_type=\"section\" data-e-type=\"section\">\n\t\t\t\t\t\t<div class=\"elementor-container elementor-column-gap-default\">\n\t\t\t\t\t<div class=\"elementor-column elementor-col-33 elementor-top-column elementor-element elementor-element-2e2b7bd0\" data-id=\"2e2b7bd0\" data-element_type=\"column\" data-e-type=\"column\">\n\t\t\t<div class=\"elementor-widget-wrap elementor-element-populated\">\n\t\t\t\t\t\t<div class=\"elementor-element elementor-element-77faf918 elementor-hidden-mobile elementor-widget-divider--view-line elementor-widget elementor-widget-divider\" data-id=\"77faf918\" data-element_type=\"widget\" data-e-type=\"widget\" data-widget_type=\"divider.default\">\n\t\t\t\t<div class=\"elementor-widget-container\">\n\t\t\t\t\t\t\t<div class=\"elementor-divider\">\n\t\t\t<span class=\"elementor-divider-separator\">\n\t\t\t\t\t\t<\/span>\n\t\t<\/div>\n\t\t\t\t\t\t<\/div>\n\t\t\t\t<\/div>\n\t\t\t\t\t<\/div>\n\t\t<\/div>\n\t\t\t\t<div class=\"elementor-column elementor-col-33 elementor-top-column elementor-element elementor-element-60b36579\" data-id=\"60b36579\" data-element_type=\"column\" data-e-type=\"column\">\n\t\t\t<div class=\"elementor-widget-wrap elementor-element-populated\">\n\t\t\t\t\t\t<div class=\"elementor-element elementor-element-27a2698a elementor-widget elementor-widget-heading\" data-id=\"27a2698a\" data-element_type=\"widget\" data-e-type=\"widget\" data-widget_type=\"heading.default\">\n\t\t\t\t<div class=\"elementor-widget-container\">\n\t\t\t\t\t<h2 class=\"elementor-heading-title elementor-size-default\">HOW DO WE WORK?<\/h2>\t\t\t\t<\/div>\n\t\t\t\t<\/div>\n\t\t\t\t\t<\/div>\n\t\t<\/div>\n\t\t\t\t<div class=\"elementor-column elementor-col-33 elementor-top-column elementor-element elementor-element-7de6a96f\" data-id=\"7de6a96f\" data-element_type=\"column\" data-e-type=\"column\">\n\t\t\t<div class=\"elementor-widget-wrap elementor-element-populated\">\n\t\t\t\t\t\t<div class=\"elementor-element elementor-element-5beb2dd7 elementor-widget-divider--view-line elementor-widget elementor-widget-divider\" data-id=\"5beb2dd7\" data-element_type=\"widget\" data-e-type=\"widget\" data-widget_type=\"divider.default\">\n\t\t\t\t<div class=\"elementor-widget-container\">\n\t\t\t\t\t\t\t<div class=\"elementor-divider\">\n\t\t\t<span class=\"elementor-divider-separator\">\n\t\t\t\t\t\t<\/span>\n\t\t<\/div>\n\t\t\t\t\t\t<\/div>\n\t\t\t\t<\/div>\n\t\t\t\t\t<\/div>\n\t\t<\/div>\n\t\t\t\t\t<\/div>\n\t\t<\/section>\n\t\t\t\t<section class=\"elementor-section elementor-top-section elementor-element elementor-element-4708e605 elementor-section-boxed elementor-section-height-default elementor-section-height-default\" data-id=\"4708e605\" data-element_type=\"section\" data-e-type=\"section\">\n\t\t\t\t\t\t<div class=\"elementor-container elementor-column-gap-default\">\n\t\t\t\t\t<div class=\"elementor-column elementor-col-25 elementor-top-column elementor-element elementor-element-2c1426b8\" data-id=\"2c1426b8\" data-element_type=\"column\" data-e-type=\"column\">\n\t\t\t<div class=\"elementor-widget-wrap elementor-element-populated\">\n\t\t\t\t\t\t<div class=\"elementor-element elementor-element-37c42b31 elementor-view-framed elementor-shape-circle elementor-position-block-start elementor-mobile-position-block-start elementor-widget elementor-widget-icon-box\" data-id=\"37c42b31\" data-element_type=\"widget\" data-e-type=\"widget\" data-widget_type=\"icon-box.default\">\n\t\t\t\t<div class=\"elementor-widget-container\">\n\t\t\t\t\t\t\t<div class=\"elementor-icon-box-wrapper\">\n\n\t\t\t\t\t\t<div class=\"elementor-icon-box-icon\">\n\t\t\t\t<a href=\"http:\/\/cesa-cegc.co\/en\/?page_id=676\" target=\"_blank\" class=\"elementor-icon elementor-animation-grow\" tabindex=\"-1\" aria-label=\"Gender Diversity in Leadership Positions \">\n\t\t\t\t<i aria-hidden=\"true\" class=\"fas fa-female\"><\/i>\t\t\t\t<\/a>\n\t\t\t<\/div>\n\t\t\t\n\t\t\t\t\t\t<div class=\"elementor-icon-box-content\">\n\n\t\t\t\t\t\t\t\t\t<h3 class=\"elementor-icon-box-title\">\n\t\t\t\t\t\t<a href=\"http:\/\/cesa-cegc.co\/en\/?page_id=676\" target=\"_blank\" >\n\t\t\t\t\t\t\tGender Diversity in Leadership Positions \t\t\t\t\t\t<\/a>\n\t\t\t\t\t<\/h3>\n\t\t\t\t\n\t\t\t\t\n\t\t\t<\/div>\n\t\t\t\n\t\t<\/div>\n\t\t\t\t\t\t<\/div>\n\t\t\t\t<\/div>\n\t\t\t\t\t<\/div>\n\t\t<\/div>\n\t\t\t\t<div class=\"elementor-column elementor-col-25 elementor-top-column elementor-element elementor-element-60dc49b0\" data-id=\"60dc49b0\" data-element_type=\"column\" data-e-type=\"column\">\n\t\t\t<div class=\"elementor-widget-wrap elementor-element-populated\">\n\t\t\t\t\t\t<div class=\"elementor-element elementor-element-63ca6057 elementor-view-framed elementor-shape-circle elementor-position-block-start elementor-mobile-position-block-start elementor-widget elementor-widget-icon-box\" data-id=\"63ca6057\" data-element_type=\"widget\" data-e-type=\"widget\" data-widget_type=\"icon-box.default\">\n\t\t\t\t<div class=\"elementor-widget-container\">\n\t\t\t\t\t\t\t<div class=\"elementor-icon-box-wrapper\">\n\n\t\t\t\t\t\t<div class=\"elementor-icon-box-icon\">\n\t\t\t\t<a href=\"http:\/\/cesa-cegc.co\/en\/?page_id=694\" target=\"_blank\" class=\"elementor-icon elementor-animation-grow\" tabindex=\"-1\" aria-label=\"Corporate Governance\">\n\t\t\t\t<i aria-hidden=\"true\" class=\"fas fa-hands-helping\"><\/i>\t\t\t\t<\/a>\n\t\t\t<\/div>\n\t\t\t\n\t\t\t\t\t\t<div class=\"elementor-icon-box-content\">\n\n\t\t\t\t\t\t\t\t\t<h3 class=\"elementor-icon-box-title\">\n\t\t\t\t\t\t<a href=\"http:\/\/cesa-cegc.co\/en\/?page_id=694\" target=\"_blank\" >\n\t\t\t\t\t\t\tCorporate Governance\t\t\t\t\t\t<\/a>\n\t\t\t\t\t<\/h3>\n\t\t\t\t\n\t\t\t\t\n\t\t\t<\/div>\n\t\t\t\n\t\t<\/div>\n\t\t\t\t\t\t<\/div>\n\t\t\t\t<\/div>\n\t\t\t\t\t<\/div>\n\t\t<\/div>\n\t\t\t\t<div class=\"elementor-column elementor-col-25 elementor-top-column elementor-element elementor-element-4fe2a0b4\" data-id=\"4fe2a0b4\" data-element_type=\"column\" data-e-type=\"column\">\n\t\t\t<div class=\"elementor-widget-wrap elementor-element-populated\">\n\t\t\t\t\t\t<div class=\"elementor-element elementor-element-729d41c8 elementor-view-framed elementor-shape-circle elementor-position-block-start elementor-mobile-position-block-start elementor-widget elementor-widget-icon-box\" data-id=\"729d41c8\" data-element_type=\"widget\" data-e-type=\"widget\" data-widget_type=\"icon-box.default\">\n\t\t\t\t<div class=\"elementor-widget-container\">\n\t\t\t\t\t\t\t<div class=\"elementor-icon-box-wrapper\">\n\n\t\t\t\t\t\t<div class=\"elementor-icon-box-icon\">\n\t\t\t\t<a href=\"http:\/\/cesa-cegc.co\/en\/?page_id=712\" target=\"_blank\" class=\"elementor-icon elementor-animation-grow\" tabindex=\"-1\" aria-label=\"Sustainability\">\n\t\t\t\t<i aria-hidden=\"true\" class=\"fas fa-fan\"><\/i>\t\t\t\t<\/a>\n\t\t\t<\/div>\n\t\t\t\n\t\t\t\t\t\t<div class=\"elementor-icon-box-content\">\n\n\t\t\t\t\t\t\t\t\t<h3 class=\"elementor-icon-box-title\">\n\t\t\t\t\t\t<a href=\"http:\/\/cesa-cegc.co\/en\/?page_id=712\" target=\"_blank\" >\n\t\t\t\t\t\t\tSustainability\t\t\t\t\t\t<\/a>\n\t\t\t\t\t<\/h3>\n\t\t\t\t\n\t\t\t\t\n\t\t\t<\/div>\n\t\t\t\n\t\t<\/div>\n\t\t\t\t\t\t<\/div>\n\t\t\t\t<\/div>\n\t\t\t\t\t<\/div>\n\t\t<\/div>\n\t\t\t\t<div class=\"elementor-column elementor-col-25 elementor-top-column elementor-element elementor-element-28daffc3\" data-id=\"28daffc3\" data-element_type=\"column\" data-e-type=\"column\">\n\t\t\t<div class=\"elementor-widget-wrap elementor-element-populated\">\n\t\t\t\t\t\t<div class=\"elementor-element elementor-element-4084afaa elementor-view-framed elementor-shape-circle elementor-position-block-start elementor-mobile-position-block-start elementor-widget elementor-widget-icon-box\" data-id=\"4084afaa\" data-element_type=\"widget\" data-e-type=\"widget\" data-widget_type=\"icon-box.default\">\n\t\t\t\t<div class=\"elementor-widget-container\">\n\t\t\t\t\t\t\t<div class=\"elementor-icon-box-wrapper\">\n\n\t\t\t\t\t\t<div class=\"elementor-icon-box-icon\">\n\t\t\t\t<a href=\"https:\/\/cesa-cegc.co\/en\/revelacion-y-transparencia\/\" target=\"_blank\" class=\"elementor-icon elementor-animation-grow\" tabindex=\"-1\" aria-label=\"Information transparency and disclosure\">\n\t\t\t\t<i aria-hidden=\"true\" class=\"fas fa-balance-scale\"><\/i>\t\t\t\t<\/a>\n\t\t\t<\/div>\n\t\t\t\n\t\t\t\t\t\t<div class=\"elementor-icon-box-content\">\n\n\t\t\t\t\t\t\t\t\t<h3 class=\"elementor-icon-box-title\">\n\t\t\t\t\t\t<a href=\"https:\/\/cesa-cegc.co\/en\/revelacion-y-transparencia\/\" target=\"_blank\" >\n\t\t\t\t\t\t\tInformation transparency and disclosure\t\t\t\t\t\t<\/a>\n\t\t\t\t\t<\/h3>\n\t\t\t\t\n\t\t\t\t\n\t\t\t<\/div>\n\t\t\t\n\t\t<\/div>\n\t\t\t\t\t\t<\/div>\n\t\t\t\t<\/div>\n\t\t\t\t\t<\/div>\n\t\t<\/div>\n\t\t\t\t\t<\/div>\n\t\t<\/section>\n\t\t\t\t<\/div>","protected":false},"excerpt":{"rendered":"<p>Nuestro Trabajo \u00bfC\u00f3mo lo Hacemos? Diversidad de g\u00e9nero Gobierno Corporativo Sostenibilidad Revelaci\u00f3n y Transparencia<\/p>","protected":false},"author":1,"featured_media":0,"parent":0,"menu_order":0,"comment_status":"closed","ping_status":"closed","template":"","meta":{"nf_dc_page":"","om_disable_all_campaigns":false,"_monsterinsights_skip_tracking":false,"_monsterinsights_sitenote_active":false,"_monsterinsights_sitenote_note":"","_monsterinsights_sitenote_category":0,"site-sidebar-layout":"no-sidebar","site-content-layout":"page-builder","ast-site-content-layout":"default","site-content-style":"default","site-sidebar-style":"default","ast-global-header-display":"","ast-banner-title-visibility":"","ast-main-header-display":"","ast-hfb-above-header-display":"","ast-hfb-below-header-display":"","ast-hfb-mobile-header-display":"","site-post-title":"disabled","ast-breadcrumbs-content":"","ast-featured-img":"disabled","footer-sml-layout":"","ast-disable-related-posts":"","theme-transparent-header-meta":"","adv-header-id-meta":"","stick-header-meta":"","header-above-stick-meta":"","header-main-stick-meta":"","header-below-stick-meta":"","astra-migrate-meta-layouts":"default","ast-page-background-enabled":"default","ast-page-background-meta":{"desktop":{"background-color":"","background-image":"","background-repeat":"repeat","background-position":"center center","background-size":"auto","background-attachment":"scroll","background-type":"","background-media":"","overlay-type":"","overlay-color":"","overlay-opacity":"","overlay-gradient":""},"tablet":{"background-color":"","background-image":"","background-repeat":"repeat","background-position":"center center","background-size":"auto","background-attachment":"scroll","background-type":"","background-media":"","overlay-type":"","overlay-color":"","overlay-opacity":"","overlay-gradient":""},"mobile":{"background-color":"","background-image":"","background-repeat":"repeat","background-position":"center center","background-size":"auto","background-attachment":"scroll","background-type":"","background-media":"","overlay-type":"","overlay-color":"","overlay-opacity":"","overlay-gradient":""}},"ast-content-background-meta":{"desktop":{"background-color":"var(--ast-global-color-5)","background-image":"","background-repeat":"repeat","background-position":"center center","background-size":"auto","background-attachment":"scroll","background-type":"","background-media":"","overlay-type":"","overlay-color":"","overlay-opacity":"","overlay-gradient":""},"tablet":{"background-color":"var(--ast-global-color-5)","background-image":"","background-repeat":"repeat","background-position":"center center","background-size":"auto","background-attachment":"scroll","background-type":"","background-media":"","overlay-type":"","overlay-color":"","overlay-opacity":"","overlay-gradient":""},"mobile":{"background-color":"var(--ast-global-color-5)","background-image":"","background-repeat":"repeat","background-position":"center center","background-size":"auto","background-attachment":"scroll","background-type":"","background-media":"","overlay-type":"","overlay-color":"","overlay-opacity":"","overlay-gradient":""}},"footnotes":""},"class_list":["post-1125","page","type-page","status-publish","hentry"],"yoast_head":"<!-- This site is optimized with the Yoast SEO plugin v27.4 - https:\/\/yoast.com\/product\/yoast-seo-wordpress\/ -->\n<title>Como lo hacemos - CESA-CEGC<\/title>\n<meta name=\"description\" content=\"Trabajamos en gobierno corporativo, sostenibilidad, diversidad de g\u00e9nero en posiciones de liderazgo y transparencia de informaci\u00f3n\" \/>\n<meta name=\"robots\" content=\"index, follow, max-snippet:-1, max-image-preview:large, max-video-preview:-1\" \/>\n<link rel=\"canonical\" href=\"https:\/\/cesa-cegc.co\/en\/como-lo-hacemos\/\" \/>\n<meta property=\"og:locale\" content=\"en_US\" \/>\n<meta property=\"og:type\" content=\"article\" \/>\n<meta property=\"og:title\" content=\"Como lo hacemos - CESA-CEGC\" \/>\n<meta property=\"og:description\" content=\"Trabajamos en gobierno corporativo, sostenibilidad, diversidad de g\u00e9nero en posiciones de liderazgo y transparencia de informaci\u00f3n\" \/>\n<meta property=\"og:url\" content=\"https:\/\/cesa-cegc.co\/en\/como-lo-hacemos\/\" \/>\n<meta property=\"og:site_name\" content=\"CESA-CEGC\" \/>\n<meta property=\"article:modified_time\" content=\"2024-05-20T21:07:38+00:00\" \/>\n<meta name=\"twitter:card\" content=\"summary_large_image\" \/>\n<meta name=\"twitter:label1\" content=\"Est. reading time\" \/>\n\t<meta name=\"twitter:data1\" content=\"1 minute\" \/>\n<script type=\"application\/ld+json\" class=\"yoast-schema-graph\">{\"@context\":\"https:\\\/\\\/schema.org\",\"@graph\":[{\"@type\":\"WebPage\",\"@id\":\"https:\\\/\\\/cesa-cegc.co\\\/es\\\/como-lo-hacemos\\\/\",\"url\":\"https:\\\/\\\/cesa-cegc.co\\\/es\\\/como-lo-hacemos\\\/\",\"name\":\"Como lo hacemos - CESA-CEGC\",\"isPartOf\":{\"@id\":\"http:\\\/\\\/cesa-cegc.co\\\/#website\"},\"datePublished\":\"2022-05-17T14:52:59+00:00\",\"dateModified\":\"2024-05-20T21:07:38+00:00\",\"description\":\"Trabajamos en gobierno corporativo, sostenibilidad, diversidad de g\u00e9nero en posiciones de liderazgo y transparencia de informaci\u00f3n\",\"breadcrumb\":{\"@id\":\"https:\\\/\\\/cesa-cegc.co\\\/es\\\/como-lo-hacemos\\\/#breadcrumb\"},\"inLanguage\":\"en-US\",\"potentialAction\":[{\"@type\":\"ReadAction\",\"target\":[\"https:\\\/\\\/cesa-cegc.co\\\/es\\\/como-lo-hacemos\\\/\"]}]},{\"@type\":\"BreadcrumbList\",\"@id\":\"https:\\\/\\\/cesa-cegc.co\\\/es\\\/como-lo-hacemos\\\/#breadcrumb\",\"itemListElement\":[{\"@type\":\"ListItem\",\"position\":1,\"name\":\"Home\",\"item\":\"https:\\\/\\\/cesa-cegc.co\\\/\"},{\"@type\":\"ListItem\",\"position\":2,\"name\":\"Como lo hacemos\"}]},{\"@type\":\"WebSite\",\"@id\":\"http:\\\/\\\/cesa-cegc.co\\\/#website\",\"url\":\"http:\\\/\\\/cesa-cegc.co\\\/\",\"name\":\"CESA-CEGC\",\"description\":\"Centro de Estudios en Gobierno Corporativo-CESA\",\"publisher\":{\"@id\":\"http:\\\/\\\/cesa-cegc.co\\\/#organization\"},\"potentialAction\":[{\"@type\":\"SearchAction\",\"target\":{\"@type\":\"EntryPoint\",\"urlTemplate\":\"http:\\\/\\\/cesa-cegc.co\\\/?s={search_term_string}\"},\"query-input\":{\"@type\":\"PropertyValueSpecification\",\"valueRequired\":true,\"valueName\":\"search_term_string\"}}],\"inLanguage\":\"en-US\"},{\"@type\":\"Organization\",\"@id\":\"http:\\\/\\\/cesa-cegc.co\\\/#organization\",\"name\":\"CESA-CEGC\",\"url\":\"http:\\\/\\\/cesa-cegc.co\\\/\",\"logo\":{\"@type\":\"ImageObject\",\"inLanguage\":\"en-US\",\"@id\":\"http:\\\/\\\/cesa-cegc.co\\\/#\\\/schema\\\/logo\\\/image\\\/\",\"url\":\"https:\\\/\\\/i0.wp.com\\\/cesa-cegc.co\\\/wp-content\\\/uploads\\\/2020\\\/02\\\/CESA-50-CEGC.png?fit=350%2C77&ssl=1\",\"contentUrl\":\"https:\\\/\\\/i0.wp.com\\\/cesa-cegc.co\\\/wp-content\\\/uploads\\\/2020\\\/02\\\/CESA-50-CEGC.png?fit=350%2C77&ssl=1\",\"width\":350,\"height\":77,\"caption\":\"CESA-CEGC\"},\"image\":{\"@id\":\"http:\\\/\\\/cesa-cegc.co\\\/#\\\/schema\\\/logo\\\/image\\\/\"}}]}<\/script>\n<!-- \/ Yoast SEO plugin. -->","yoast_head_json":{"title":"Como lo hacemos - CESA-CEGC","description":"Trabajamos en gobierno corporativo, sostenibilidad, diversidad de g\u00e9nero en posiciones de liderazgo y transparencia de informaci\u00f3n","robots":{"index":"index","follow":"follow","max-snippet":"max-snippet:-1","max-image-preview":"max-image-preview:large","max-video-preview":"max-video-preview:-1"},"canonical":"https:\/\/cesa-cegc.co\/en\/como-lo-hacemos\/","og_locale":"en_US","og_type":"article","og_title":"Como lo hacemos - CESA-CEGC","og_description":"Trabajamos en gobierno corporativo, sostenibilidad, diversidad de g\u00e9nero en posiciones de liderazgo y transparencia de informaci\u00f3n","og_url":"https:\/\/cesa-cegc.co\/en\/como-lo-hacemos\/","og_site_name":"CESA-CEGC","article_modified_time":"2024-05-20T21:07:38+00:00","twitter_card":"summary_large_image","twitter_misc":{"Est. reading time":"1 minute"},"schema":{"@context":"https:\/\/schema.org","@graph":[{"@type":"WebPage","@id":"https:\/\/cesa-cegc.co\/es\/como-lo-hacemos\/","url":"https:\/\/cesa-cegc.co\/es\/como-lo-hacemos\/","name":"Como lo hacemos - CESA-CEGC","isPartOf":{"@id":"http:\/\/cesa-cegc.co\/#website"},"datePublished":"2022-05-17T14:52:59+00:00","dateModified":"2024-05-20T21:07:38+00:00","description":"Trabajamos en gobierno corporativo, sostenibilidad, diversidad de g\u00e9nero en posiciones de liderazgo y transparencia de informaci\u00f3n","breadcrumb":{"@id":"https:\/\/cesa-cegc.co\/es\/como-lo-hacemos\/#breadcrumb"},"inLanguage":"en-US","potentialAction":[{"@type":"ReadAction","target":["https:\/\/cesa-cegc.co\/es\/como-lo-hacemos\/"]}]},{"@type":"BreadcrumbList","@id":"https:\/\/cesa-cegc.co\/es\/como-lo-hacemos\/#breadcrumb","itemListElement":[{"@type":"ListItem","position":1,"name":"Home","item":"https:\/\/cesa-cegc.co\/"},{"@type":"ListItem","position":2,"name":"Como lo hacemos"}]},{"@type":"WebSite","@id":"http:\/\/cesa-cegc.co\/#website","url":"http:\/\/cesa-cegc.co\/","name":"CESA-CEGC","description":"Center for Corporate Governance Studies - CESA","publisher":{"@id":"http:\/\/cesa-cegc.co\/#organization"},"potentialAction":[{"@type":"SearchAction","target":{"@type":"EntryPoint","urlTemplate":"http:\/\/cesa-cegc.co\/?s={search_term_string}"},"query-input":{"@type":"PropertyValueSpecification","valueRequired":true,"valueName":"search_term_string"}}],"inLanguage":"en-US"},{"@type":"Organization","@id":"http:\/\/cesa-cegc.co\/#organization","name":"CESA-CEGC","url":"http:\/\/cesa-cegc.co\/","logo":{"@type":"ImageObject","inLanguage":"en-US","@id":"http:\/\/cesa-cegc.co\/#\/schema\/logo\/image\/","url":"https:\/\/i0.wp.com\/cesa-cegc.co\/wp-content\/uploads\/2020\/02\/CESA-50-CEGC.png?fit=350%2C77&ssl=1","contentUrl":"https:\/\/i0.wp.com\/cesa-cegc.co\/wp-content\/uploads\/2020\/02\/CESA-50-CEGC.png?fit=350%2C77&ssl=1","width":350,"height":77,"caption":"CESA-CEGC"},"image":{"@id":"http:\/\/cesa-cegc.co\/#\/schema\/logo\/image\/"}}]}},"jetpack_sharing_enabled":true,"_links":{"self":[{"href":"https:\/\/cesa-cegc.co\/en\/wp-json\/wp\/v2\/pages\/1125","targetHints":{"allow":["GET"]}}],"collection":[{"href":"https:\/\/cesa-cegc.co\/en\/wp-json\/wp\/v2\/pages"}],"about":[{"href":"https:\/\/cesa-cegc.co\/en\/wp-json\/wp\/v2\/types\/page"}],"author":[{"embeddable":true,"href":"https:\/\/cesa-cegc.co\/en\/wp-json\/wp\/v2\/users\/1"}],"replies":[{"embeddable":true,"href":"https:\/\/cesa-cegc.co\/en\/wp-json\/wp\/v2\/comments?post=1125"}],"version-history":[{"count":5,"href":"https:\/\/cesa-cegc.co\/en\/wp-json\/wp\/v2\/pages\/1125\/revisions"}],"predecessor-version":[{"id":1965,"href":"https:\/\/cesa-cegc.co\/en\/wp-json\/wp\/v2\/pages\/1125\/revisions\/1965"}],"wp:attachment":[{"href":"https:\/\/cesa-cegc.co\/en\/wp-json\/wp\/v2\/media?parent=1125"}],"curies":[{"name":"wp","href":"https:\/\/api.w.org\/{rel}","templated":true}]}}