{"id":1135,"date":"2022-05-17T15:01:25","date_gmt":"2022-05-17T15:01:25","guid":{"rendered":"http:\/\/cesa-cegc.co\/?page_id=1135"},"modified":"2024-05-20T21:09:08","modified_gmt":"2024-05-20T21:09:08","slug":"para-que-lo-hacemos","status":"publish","type":"page","link":"https:\/\/cesa-cegc.co\/en\/para-que-lo-hacemos\/","title":{"rendered":"Why do we do it?"},"content":{"rendered":"<div data-elementor-type=\"wp-page\" data-elementor-id=\"1135\" class=\"elementor elementor-1135\">\n\t\t\t\t\t\t<section class=\"elementor-section elementor-top-section elementor-element elementor-element-64e34252 elementor-section-height-min-height elementor-section-boxed elementor-section-height-default elementor-section-items-middle\" data-id=\"64e34252\" data-element_type=\"section\" data-e-type=\"section\" data-settings=\"{&quot;background_background&quot;:&quot;classic&quot;}\">\n\t\t\t\t\t\t\t<div class=\"elementor-background-overlay\"><\/div>\n\t\t\t\t\t\t\t<div class=\"elementor-container elementor-column-gap-default\">\n\t\t\t\t\t<div class=\"elementor-column elementor-col-100 elementor-top-column elementor-element elementor-element-74fd5b32\" data-id=\"74fd5b32\" data-element_type=\"column\" data-e-type=\"column\">\n\t\t\t<div class=\"elementor-widget-wrap elementor-element-populated\">\n\t\t\t\t\t\t<div class=\"elementor-element elementor-element-30985ce7 elementor-widget elementor-widget-heading\" data-id=\"30985ce7\" data-element_type=\"widget\" data-e-type=\"widget\" data-widget_type=\"heading.default\">\n\t\t\t\t<div class=\"elementor-widget-container\">\n\t\t\t\t\t<h2 class=\"elementor-heading-title elementor-size-default\">What do we do?<\/h2>\t\t\t\t<\/div>\n\t\t\t\t<\/div>\n\t\t\t\t\t<\/div>\n\t\t<\/div>\n\t\t\t\t\t<\/div>\n\t\t<\/section>\n\t\t\t\t<section class=\"elementor-section elementor-top-section elementor-element elementor-element-7682c08e elementor-section-full_width elementor-section-height-default elementor-section-height-default\" data-id=\"7682c08e\" data-element_type=\"section\" data-e-type=\"section\">\n\t\t\t\t\t\t<div class=\"elementor-container elementor-column-gap-default\">\n\t\t\t\t\t<div class=\"elementor-column elementor-col-33 elementor-top-column elementor-element elementor-element-4dc4be14\" data-id=\"4dc4be14\" data-element_type=\"column\" data-e-type=\"column\">\n\t\t\t<div class=\"elementor-widget-wrap elementor-element-populated\">\n\t\t\t\t\t\t<div class=\"elementor-element elementor-element-2ae37cfd elementor-hidden-mobile elementor-widget-divider--view-line elementor-widget elementor-widget-divider\" data-id=\"2ae37cfd\" data-element_type=\"widget\" data-e-type=\"widget\" data-widget_type=\"divider.default\">\n\t\t\t\t<div class=\"elementor-widget-container\">\n\t\t\t\t\t\t\t<div class=\"elementor-divider\">\n\t\t\t<span class=\"elementor-divider-separator\">\n\t\t\t\t\t\t<\/span>\n\t\t<\/div>\n\t\t\t\t\t\t<\/div>\n\t\t\t\t<\/div>\n\t\t\t\t\t<\/div>\n\t\t<\/div>\n\t\t\t\t<div class=\"elementor-column elementor-col-33 elementor-top-column elementor-element elementor-element-6808c926\" data-id=\"6808c926\" data-element_type=\"column\" data-e-type=\"column\">\n\t\t\t<div class=\"elementor-widget-wrap elementor-element-populated\">\n\t\t\t\t\t\t<div class=\"elementor-element elementor-element-7a8e11d9 elementor-widget elementor-widget-heading\" data-id=\"7a8e11d9\" data-element_type=\"widget\" data-e-type=\"widget\" data-widget_type=\"heading.default\">\n\t\t\t\t<div class=\"elementor-widget-container\">\n\t\t\t\t\t<h2 class=\"elementor-heading-title elementor-size-default\">Why do we do it?<\/h2>\t\t\t\t<\/div>\n\t\t\t\t<\/div>\n\t\t\t\t\t<\/div>\n\t\t<\/div>\n\t\t\t\t<div class=\"elementor-column elementor-col-33 elementor-top-column elementor-element elementor-element-72854b06\" data-id=\"72854b06\" data-element_type=\"column\" data-e-type=\"column\">\n\t\t\t<div class=\"elementor-widget-wrap elementor-element-populated\">\n\t\t\t\t\t\t<div class=\"elementor-element elementor-element-4e7a7a1c elementor-widget-divider--view-line elementor-widget elementor-widget-divider\" data-id=\"4e7a7a1c\" data-element_type=\"widget\" data-e-type=\"widget\" data-widget_type=\"divider.default\">\n\t\t\t\t<div class=\"elementor-widget-container\">\n\t\t\t\t\t\t\t<div class=\"elementor-divider\">\n\t\t\t<span class=\"elementor-divider-separator\">\n\t\t\t\t\t\t<\/span>\n\t\t<\/div>\n\t\t\t\t\t\t<\/div>\n\t\t\t\t<\/div>\n\t\t\t\t\t<\/div>\n\t\t<\/div>\n\t\t\t\t\t<\/div>\n\t\t<\/section>\n\t\t\t\t<section class=\"elementor-section elementor-top-section elementor-element elementor-element-3acb7366 elementor-section-boxed elementor-section-height-default elementor-section-height-default\" data-id=\"3acb7366\" data-element_type=\"section\" data-e-type=\"section\">\n\t\t\t\t\t\t<div class=\"elementor-container elementor-column-gap-default\">\n\t\t\t\t\t<div class=\"elementor-column elementor-col-100 elementor-top-column elementor-element elementor-element-46342819\" data-id=\"46342819\" data-element_type=\"column\" data-e-type=\"column\">\n\t\t\t<div class=\"elementor-widget-wrap elementor-element-populated\">\n\t\t\t\t\t\t<div class=\"elementor-element elementor-element-64a95c32 elementor-widget elementor-widget-text-editor\" data-id=\"64a95c32\" data-element_type=\"widget\" data-e-type=\"widget\" data-widget_type=\"text-editor.default\">\n\t\t\t\t<div class=\"elementor-widget-container\">\n\t\t\t\t\t\t\t\t\t<p><span style=\"font-weight: 400;\">Higher education institutions must contribute to the country\u2019s transformation and the construction of a better society.<\/span><\/p>\t\t\t\t\t\t\t\t<\/div>\n\t\t\t\t<\/div>\n\t\t\t\t<div class=\"elementor-element elementor-element-564ca564 elementor-widget elementor-widget-text-editor\" data-id=\"564ca564\" data-element_type=\"widget\" data-e-type=\"widget\" data-widget_type=\"text-editor.default\">\n\t\t\t\t<div class=\"elementor-widget-container\">\n\t\t\t\t\t\t\t\t\t<p><span style=\"font-weight: 400;\">Lo anterior se realiza a trav\u00e9s de las funciones sustantivas de la academia, que son investigaci\u00f3n, docencia y extensi\u00f3n. Nuestra agenda de investigaci\u00f3n nos permite no solo conocer y estar al tanto de las discusiones en gobierno de la sostenibilidad en el \u00e1mbito internacional, sino adem\u00e1s realizar investigaci\u00f3n sobre la realidad en Colombia y Am\u00e9rica Latina, para contribuir al avance de las pr\u00e1cticas en la regi\u00f3n. Fruto de estos aprendizajes podemos alimentar las discusiones en los salones clase, para estudiantes de pregrado y posgrados en nuestra instituci\u00f3n. La extensi\u00f3n nos permite divulgar el conocimiento que generamos, pero adem\u00e1s, incidir directamente en las pr\u00e1cticas de buen gobierno en las organizaciones colombianas, a trav\u00e9s de ejercicios de consultor\u00eda y acompa\u00f1amiento t\u00e9cnico. <\/span><\/p>\t\t\t\t\t\t\t\t<\/div>\n\t\t\t\t<\/div>\n\t\t\t\t\t<\/div>\n\t\t<\/div>\n\t\t\t\t\t<\/div>\n\t\t<\/section>\n\t\t\t\t<\/div>","protected":false},"excerpt":{"rendered":"<p>Nuestro Trabajo \u00bfPar\u00e1 qu\u00e9 lo Hacemos? Las instituciones de educaci\u00f3n superior deben aportar a la transformaci\u00f3n del pa\u00eds y la construcci\u00f3n de una mejor sociedad. Lo anterior se realiza a trav\u00e9s de las funciones sustantivas de la academia, que son investigaci\u00f3n, docencia y extensi\u00f3n. Nuestra agenda de investigaci\u00f3n nos permite no solo conocer y estar [&hellip;]<\/p>\n","protected":false},"author":1,"featured_media":0,"parent":0,"menu_order":0,"comment_status":"closed","ping_status":"closed","template":"","meta":{"nf_dc_page":"","om_disable_all_campaigns":false,"_monsterinsights_skip_tracking":false,"_monsterinsights_sitenote_active":false,"_monsterinsights_sitenote_note":"","_monsterinsights_sitenote_category":0,"site-sidebar-layout":"no-sidebar","site-content-layout":"page-builder","ast-site-content-layout":"default","site-content-style":"default","site-sidebar-style":"default","ast-global-header-display":"","ast-banner-title-visibility":"","ast-main-header-display":"","ast-hfb-above-header-display":"","ast-hfb-below-header-display":"","ast-hfb-mobile-header-display":"","site-post-title":"disabled","ast-breadcrumbs-content":"","ast-featured-img":"disabled","footer-sml-layout":"","ast-disable-related-posts":"","theme-transparent-header-meta":"","adv-header-id-meta":"","stick-header-meta":"","header-above-stick-meta":"","header-main-stick-meta":"","header-below-stick-meta":"","astra-migrate-meta-layouts":"default","ast-page-background-enabled":"default","ast-page-background-meta":{"desktop":{"background-color":"","background-image":"","background-repeat":"repeat","background-position":"center center","background-size":"auto","background-attachment":"scroll","background-type":"","background-media":"","overlay-type":"","overlay-color":"","overlay-opacity":"","overlay-gradient":""},"tablet":{"background-color":"","background-image":"","background-repeat":"repeat","background-position":"center center","background-size":"auto","background-attachment":"scroll","background-type":"","background-media":"","overlay-type":"","overlay-color":"","overlay-opacity":"","overlay-gradient":""},"mobile":{"background-color":"","background-image":"","background-repeat":"repeat","background-position":"center center","background-size":"auto","background-attachment":"scroll","background-type":"","background-media":"","overlay-type":"","overlay-color":"","overlay-opacity":"","overlay-gradient":""}},"ast-content-background-meta":{"desktop":{"background-color":"var(--ast-global-color-5)","background-image":"","background-repeat":"repeat","background-position":"center center","background-size":"auto","background-attachment":"scroll","background-type":"","background-media":"","overlay-type":"","overlay-color":"","overlay-opacity":"","overlay-gradient":""},"tablet":{"background-color":"var(--ast-global-color-5)","background-image":"","background-repeat":"repeat","background-position":"center center","background-size":"auto","background-attachment":"scroll","background-type":"","background-media":"","overlay-type":"","overlay-color":"","overlay-opacity":"","overlay-gradient":""},"mobile":{"background-color":"var(--ast-global-color-5)","background-image":"","background-repeat":"repeat","background-position":"center center","background-size":"auto","background-attachment":"scroll","background-type":"","background-media":"","overlay-type":"","overlay-color":"","overlay-opacity":"","overlay-gradient":""}},"footnotes":""},"class_list":["post-1135","page","type-page","status-publish","hentry"],"yoast_head":"<!-- This site is optimized with the Yoast SEO plugin v27.4 - https:\/\/yoast.com\/product\/yoast-seo-wordpress\/ -->\n<title>Para que lo hacemos - CESA-CEGC<\/title>\n<meta name=\"description\" content=\"El CEGC impulsa a las instituciones de educaci\u00f3n superior a aportar a la transformaci\u00f3n del pa\u00eds y la construcci\u00f3n de una mejor sociedad.\" \/>\n<meta name=\"robots\" content=\"index, follow, max-snippet:-1, max-image-preview:large, max-video-preview:-1\" \/>\n<link rel=\"canonical\" href=\"https:\/\/cesa-cegc.co\/en\/para-que-lo-hacemos\/\" \/>\n<meta property=\"og:locale\" content=\"en_US\" \/>\n<meta property=\"og:type\" content=\"article\" \/>\n<meta property=\"og:title\" content=\"Para que lo hacemos - CESA-CEGC\" \/>\n<meta property=\"og:description\" content=\"El CEGC impulsa a las instituciones de educaci\u00f3n superior a aportar a la transformaci\u00f3n del pa\u00eds y la construcci\u00f3n de una mejor sociedad.\" \/>\n<meta property=\"og:url\" content=\"https:\/\/cesa-cegc.co\/en\/para-que-lo-hacemos\/\" \/>\n<meta property=\"og:site_name\" content=\"CESA-CEGC\" \/>\n<meta property=\"article:modified_time\" content=\"2024-05-20T21:09:08+00:00\" \/>\n<meta name=\"twitter:card\" content=\"summary_large_image\" \/>\n<meta name=\"twitter:label1\" content=\"Est. reading time\" \/>\n\t<meta name=\"twitter:data1\" content=\"1 minute\" \/>\n<script type=\"application\/ld+json\" class=\"yoast-schema-graph\">{\"@context\":\"https:\\\/\\\/schema.org\",\"@graph\":[{\"@type\":\"WebPage\",\"@id\":\"https:\\\/\\\/cesa-cegc.co\\\/es\\\/para-que-lo-hacemos\\\/\",\"url\":\"https:\\\/\\\/cesa-cegc.co\\\/es\\\/para-que-lo-hacemos\\\/\",\"name\":\"Para que lo hacemos - CESA-CEGC\",\"isPartOf\":{\"@id\":\"http:\\\/\\\/cesa-cegc.co\\\/#website\"},\"datePublished\":\"2022-05-17T15:01:25+00:00\",\"dateModified\":\"2024-05-20T21:09:08+00:00\",\"description\":\"El CEGC impulsa a las instituciones de educaci\u00f3n superior a aportar a la transformaci\u00f3n del pa\u00eds y la construcci\u00f3n de una mejor sociedad.\",\"breadcrumb\":{\"@id\":\"https:\\\/\\\/cesa-cegc.co\\\/es\\\/para-que-lo-hacemos\\\/#breadcrumb\"},\"inLanguage\":\"en-US\",\"potentialAction\":[{\"@type\":\"ReadAction\",\"target\":[\"https:\\\/\\\/cesa-cegc.co\\\/es\\\/para-que-lo-hacemos\\\/\"]}]},{\"@type\":\"BreadcrumbList\",\"@id\":\"https:\\\/\\\/cesa-cegc.co\\\/es\\\/para-que-lo-hacemos\\\/#breadcrumb\",\"itemListElement\":[{\"@type\":\"ListItem\",\"position\":1,\"name\":\"Home\",\"item\":\"https:\\\/\\\/cesa-cegc.co\\\/\"},{\"@type\":\"ListItem\",\"position\":2,\"name\":\"Para que lo hacemos\"}]},{\"@type\":\"WebSite\",\"@id\":\"http:\\\/\\\/cesa-cegc.co\\\/#website\",\"url\":\"http:\\\/\\\/cesa-cegc.co\\\/\",\"name\":\"CESA-CEGC\",\"description\":\"Centro de Estudios en Gobierno Corporativo-CESA\",\"publisher\":{\"@id\":\"http:\\\/\\\/cesa-cegc.co\\\/#organization\"},\"potentialAction\":[{\"@type\":\"SearchAction\",\"target\":{\"@type\":\"EntryPoint\",\"urlTemplate\":\"http:\\\/\\\/cesa-cegc.co\\\/?s={search_term_string}\"},\"query-input\":{\"@type\":\"PropertyValueSpecification\",\"valueRequired\":true,\"valueName\":\"search_term_string\"}}],\"inLanguage\":\"en-US\"},{\"@type\":\"Organization\",\"@id\":\"http:\\\/\\\/cesa-cegc.co\\\/#organization\",\"name\":\"CESA-CEGC\",\"url\":\"http:\\\/\\\/cesa-cegc.co\\\/\",\"logo\":{\"@type\":\"ImageObject\",\"inLanguage\":\"en-US\",\"@id\":\"http:\\\/\\\/cesa-cegc.co\\\/#\\\/schema\\\/logo\\\/image\\\/\",\"url\":\"https:\\\/\\\/i0.wp.com\\\/cesa-cegc.co\\\/wp-content\\\/uploads\\\/2020\\\/02\\\/CESA-50-CEGC.png?fit=350%2C77&ssl=1\",\"contentUrl\":\"https:\\\/\\\/i0.wp.com\\\/cesa-cegc.co\\\/wp-content\\\/uploads\\\/2020\\\/02\\\/CESA-50-CEGC.png?fit=350%2C77&ssl=1\",\"width\":350,\"height\":77,\"caption\":\"CESA-CEGC\"},\"image\":{\"@id\":\"http:\\\/\\\/cesa-cegc.co\\\/#\\\/schema\\\/logo\\\/image\\\/\"}}]}<\/script>\n<!-- \/ Yoast SEO plugin. -->","yoast_head_json":{"title":"Para que lo hacemos - CESA-CEGC","description":"El CEGC impulsa a las instituciones de educaci\u00f3n superior a aportar a la transformaci\u00f3n del pa\u00eds y la construcci\u00f3n de una mejor sociedad.","robots":{"index":"index","follow":"follow","max-snippet":"max-snippet:-1","max-image-preview":"max-image-preview:large","max-video-preview":"max-video-preview:-1"},"canonical":"https:\/\/cesa-cegc.co\/en\/para-que-lo-hacemos\/","og_locale":"en_US","og_type":"article","og_title":"Para que lo hacemos - CESA-CEGC","og_description":"El CEGC impulsa a las instituciones de educaci\u00f3n superior a aportar a la transformaci\u00f3n del pa\u00eds y la construcci\u00f3n de una mejor sociedad.","og_url":"https:\/\/cesa-cegc.co\/en\/para-que-lo-hacemos\/","og_site_name":"CESA-CEGC","article_modified_time":"2024-05-20T21:09:08+00:00","twitter_card":"summary_large_image","twitter_misc":{"Est. reading time":"1 minute"},"schema":{"@context":"https:\/\/schema.org","@graph":[{"@type":"WebPage","@id":"https:\/\/cesa-cegc.co\/es\/para-que-lo-hacemos\/","url":"https:\/\/cesa-cegc.co\/es\/para-que-lo-hacemos\/","name":"Para que lo hacemos - CESA-CEGC","isPartOf":{"@id":"http:\/\/cesa-cegc.co\/#website"},"datePublished":"2022-05-17T15:01:25+00:00","dateModified":"2024-05-20T21:09:08+00:00","description":"El CEGC impulsa a las instituciones de educaci\u00f3n superior a aportar a la transformaci\u00f3n del pa\u00eds y la construcci\u00f3n de una mejor sociedad.","breadcrumb":{"@id":"https:\/\/cesa-cegc.co\/es\/para-que-lo-hacemos\/#breadcrumb"},"inLanguage":"en-US","potentialAction":[{"@type":"ReadAction","target":["https:\/\/cesa-cegc.co\/es\/para-que-lo-hacemos\/"]}]},{"@type":"BreadcrumbList","@id":"https:\/\/cesa-cegc.co\/es\/para-que-lo-hacemos\/#breadcrumb","itemListElement":[{"@type":"ListItem","position":1,"name":"Home","item":"https:\/\/cesa-cegc.co\/"},{"@type":"ListItem","position":2,"name":"Para que lo hacemos"}]},{"@type":"WebSite","@id":"http:\/\/cesa-cegc.co\/#website","url":"http:\/\/cesa-cegc.co\/","name":"CESA-CEGC","description":"Center for Corporate Governance Studies - CESA","publisher":{"@id":"http:\/\/cesa-cegc.co\/#organization"},"potentialAction":[{"@type":"SearchAction","target":{"@type":"EntryPoint","urlTemplate":"http:\/\/cesa-cegc.co\/?s={search_term_string}"},"query-input":{"@type":"PropertyValueSpecification","valueRequired":true,"valueName":"search_term_string"}}],"inLanguage":"en-US"},{"@type":"Organization","@id":"http:\/\/cesa-cegc.co\/#organization","name":"CESA-CEGC","url":"http:\/\/cesa-cegc.co\/","logo":{"@type":"ImageObject","inLanguage":"en-US","@id":"http:\/\/cesa-cegc.co\/#\/schema\/logo\/image\/","url":"https:\/\/i0.wp.com\/cesa-cegc.co\/wp-content\/uploads\/2020\/02\/CESA-50-CEGC.png?fit=350%2C77&ssl=1","contentUrl":"https:\/\/i0.wp.com\/cesa-cegc.co\/wp-content\/uploads\/2020\/02\/CESA-50-CEGC.png?fit=350%2C77&ssl=1","width":350,"height":77,"caption":"CESA-CEGC"},"image":{"@id":"http:\/\/cesa-cegc.co\/#\/schema\/logo\/image\/"}}]}},"jetpack_sharing_enabled":true,"_links":{"self":[{"href":"https:\/\/cesa-cegc.co\/en\/wp-json\/wp\/v2\/pages\/1135","targetHints":{"allow":["GET"]}}],"collection":[{"href":"https:\/\/cesa-cegc.co\/en\/wp-json\/wp\/v2\/pages"}],"about":[{"href":"https:\/\/cesa-cegc.co\/en\/wp-json\/wp\/v2\/types\/page"}],"author":[{"embeddable":true,"href":"https:\/\/cesa-cegc.co\/en\/wp-json\/wp\/v2\/users\/1"}],"replies":[{"embeddable":true,"href":"https:\/\/cesa-cegc.co\/en\/wp-json\/wp\/v2\/comments?post=1135"}],"version-history":[{"count":5,"href":"https:\/\/cesa-cegc.co\/en\/wp-json\/wp\/v2\/pages\/1135\/revisions"}],"predecessor-version":[{"id":1968,"href":"https:\/\/cesa-cegc.co\/en\/wp-json\/wp\/v2\/pages\/1135\/revisions\/1968"}],"wp:attachment":[{"href":"https:\/\/cesa-cegc.co\/en\/wp-json\/wp\/v2\/media?parent=1135"}],"curies":[{"name":"wp","href":"https:\/\/api.w.org\/{rel}","templated":true}]}}