{"id":527,"date":"2018-11-26T12:45:57","date_gmt":"2018-11-26T12:45:57","guid":{"rendered":"http:\/\/cesa-cegc.co\/?page_id=527"},"modified":"2023-07-11T23:03:33","modified_gmt":"2023-07-11T23:03:33","slug":"nuestros-codirectores","status":"publish","type":"page","link":"https:\/\/cesa-cegc.co\/en\/nuestros-codirectores\/","title":{"rendered":"Our Team"},"content":{"rendered":"<div data-elementor-type=\"wp-post\" data-elementor-id=\"527\" class=\"elementor elementor-527\">\n\t\t\t\t\t\t<section class=\"elementor-section elementor-top-section elementor-element elementor-element-ba51c03 elementor-section-height-min-height elementor-section-boxed elementor-section-height-default elementor-section-items-middle\" data-id=\"ba51c03\" data-element_type=\"section\" data-e-type=\"section\">\n\t\t\t\t\t\t<div class=\"elementor-container elementor-column-gap-default\">\n\t\t\t\t\t<div class=\"elementor-column elementor-col-100 elementor-top-column elementor-element elementor-element-092c34b\" data-id=\"092c34b\" data-element_type=\"column\" data-e-type=\"column\">\n\t\t\t<div class=\"elementor-widget-wrap elementor-element-populated\">\n\t\t\t\t\t\t<div class=\"elementor-element elementor-element-f0f48b7 elementor-widget elementor-widget-spacer\" data-id=\"f0f48b7\" data-element_type=\"widget\" data-e-type=\"widget\" data-widget_type=\"spacer.default\">\n\t\t\t\t<div class=\"elementor-widget-container\">\n\t\t\t\t\t\t\t<div class=\"elementor-spacer\">\n\t\t\t<div class=\"elementor-spacer-inner\"><\/div>\n\t\t<\/div>\n\t\t\t\t\t\t<\/div>\n\t\t\t\t<\/div>\n\t\t\t\t<div class=\"elementor-element elementor-element-574ecc5 elementor-widget elementor-widget-heading\" data-id=\"574ecc5\" data-element_type=\"widget\" data-e-type=\"widget\" data-widget_type=\"heading.default\">\n\t\t\t\t<div class=\"elementor-widget-container\">\n\t\t\t\t\t<h2 class=\"elementor-heading-title elementor-size-default\">Our Team<\/h2>\t\t\t\t<\/div>\n\t\t\t\t<\/div>\n\t\t\t\t<section class=\"elementor-section elementor-inner-section elementor-element elementor-element-551b5eb elementor-section-boxed elementor-section-height-default elementor-section-height-default\" data-id=\"551b5eb\" data-element_type=\"section\" data-e-type=\"section\">\n\t\t\t\t\t\t<div class=\"elementor-container elementor-column-gap-default\">\n\t\t\t\t\t<div class=\"elementor-column elementor-col-50 elementor-inner-column elementor-element elementor-element-d42e761\" data-id=\"d42e761\" data-element_type=\"column\" data-e-type=\"column\">\n\t\t\t<div class=\"elementor-widget-wrap elementor-element-populated\">\n\t\t\t\t\t\t<div class=\"elementor-element elementor-element-0d3b37e elementor-widget elementor-widget-image\" data-id=\"0d3b37e\" data-element_type=\"widget\" data-e-type=\"widget\" data-widget_type=\"image.default\">\n\t\t\t\t<div class=\"elementor-widget-container\">\n\t\t\t\t\t\t\t\t\t\t\t\t\t\t\t<img fetchpriority=\"high\" decoding=\"async\" width=\"682\" height=\"1024\" src=\"https:\/\/i0.wp.com\/cesa-cegc.co\/wp-content\/uploads\/2022\/05\/Maria-TD-0-e1686841901706.jpg?fit=682%2C1024&amp;ssl=1\" class=\"attachment-large size-large wp-image-920\" alt=\"\" \/>\t\t\t\t\t\t\t\t\t\t\t\t\t\t\t<\/div>\n\t\t\t\t<\/div>\n\t\t\t\t<div class=\"elementor-element elementor-element-af8b8d1 elementor-widget elementor-widget-heading\" data-id=\"af8b8d1\" data-element_type=\"widget\" data-e-type=\"widget\" data-widget_type=\"heading.default\">\n\t\t\t\t<div class=\"elementor-widget-container\">\n\t\t\t\t\t<h2 class=\"elementor-heading-title elementor-size-default\">Mar\u00eda Andrea Trujillo D\u00e1vila<\/h2>\t\t\t\t<\/div>\n\t\t\t\t<\/div>\n\t\t\t\t\t<\/div>\n\t\t<\/div>\n\t\t\t\t<div class=\"elementor-column elementor-col-50 elementor-inner-column elementor-element elementor-element-bafdc07\" data-id=\"bafdc07\" data-element_type=\"column\" data-e-type=\"column\">\n\t\t\t<div class=\"elementor-widget-wrap elementor-element-populated\">\n\t\t\t\t\t\t<div class=\"elementor-element elementor-element-9a00a0e elementor-widget elementor-widget-text-editor\" data-id=\"9a00a0e\" data-element_type=\"widget\" data-e-type=\"widget\" data-widget_type=\"text-editor.default\">\n\t\t\t\t<div class=\"elementor-widget-container\">\n\t\t\t\t\t\t\t\t\t<p class=\"translation-block\">Maria Andrea Trujillo Davila is a full professor at CESA Business School, recognized as a senior researcher by Colombia\u2019s Ministry of Sciences, and a Doctor of Administration from Los Andes University with a degree in sanitary engineering from Antioquia University.<\/p>\n<p><span style=\"font-weight: 400;\">Founder and co-director of CESA\u2019s Center for Corporate Governance Studies (CEGC) as well as the Women on Boards of Directors Leadership Initiative, founding member of the Colombian Institute for Corporate Governance (ICGC), consultant and advisor in the implementation of good governance practices, and member of the OECD, IFC and World Bank\u2019s Latin American Network for Academic Research on Corporate Governance.<\/span><\/p>\n<p><span style=\"font-weight: 400;\">Maria Andrea has experience in teaching and research, in finance and corporate governance, in undergraduate and postgraduate programs at universities in Colombia and abroad.&nbsp;<\/span><\/p><p style=\"font-size: 18px; font-style: normal;\">The research projects have been supported by the World Bank Group through the IFC, the Swiss Embassy in Colombia, the Colombian Presidency, the National Education Ministry, the Colombian Stock Exchange, the Superintendency of Companies, the Private Competitiveness Council, Confecamaras and the Bogota Chamber of Commerce, amongst others.&nbsp;<\/p><p style=\"font-size: 18px; font-style: normal;\">Has published several research and textbooks, and more than forty papers in indexed scientific journals, as well as case studies. Her research has been presented at more than 30 international conferences worldwide.&nbsp;<\/p>\t\t\t\t\t\t\t\t<\/div>\n\t\t\t\t<\/div>\n\t\t\t\t\t<\/div>\n\t\t<\/div>\n\t\t\t\t\t<\/div>\n\t\t<\/section>\n\t\t\t\t<div class=\"elementor-element elementor-element-b3540a0 elementor-widget elementor-widget-spacer\" data-id=\"b3540a0\" data-element_type=\"widget\" data-e-type=\"widget\" data-widget_type=\"spacer.default\">\n\t\t\t\t<div class=\"elementor-widget-container\">\n\t\t\t\t\t\t\t<div class=\"elementor-spacer\">\n\t\t\t<div class=\"elementor-spacer-inner\"><\/div>\n\t\t<\/div>\n\t\t\t\t\t\t<\/div>\n\t\t\t\t<\/div>\n\t\t\t\t<section class=\"elementor-section elementor-inner-section elementor-element elementor-element-183babb elementor-section-boxed elementor-section-height-default elementor-section-height-default\" data-id=\"183babb\" data-element_type=\"section\" data-e-type=\"section\">\n\t\t\t\t\t\t<div class=\"elementor-container elementor-column-gap-default\">\n\t\t\t\t\t<div class=\"elementor-column elementor-col-50 elementor-inner-column elementor-element elementor-element-60c2ca5\" data-id=\"60c2ca5\" data-element_type=\"column\" data-e-type=\"column\">\n\t\t\t<div class=\"elementor-widget-wrap elementor-element-populated\">\n\t\t\t\t\t\t<div class=\"elementor-element elementor-element-9980dd7 elementor-widget elementor-widget-image\" data-id=\"9980dd7\" data-element_type=\"widget\" data-e-type=\"widget\" data-widget_type=\"image.default\">\n\t\t\t\t<div class=\"elementor-widget-container\">\n\t\t\t\t\t\t\t\t\t\t\t\t\t\t\t<img decoding=\"async\" width=\"819\" height=\"1024\" src=\"https:\/\/i0.wp.com\/cesa-cegc.co\/wp-content\/uploads\/2023\/06\/Retrato_AGV.jpg?fit=819%2C1024&amp;ssl=1\" class=\"attachment-large size-large wp-image-1582\" alt=\"\" srcset=\"https:\/\/i0.wp.com\/cesa-cegc.co\/wp-content\/uploads\/2023\/06\/Retrato_AGV.jpg?w=1080&amp;ssl=1 1080w, https:\/\/i0.wp.com\/cesa-cegc.co\/wp-content\/uploads\/2023\/06\/Retrato_AGV.jpg?resize=240%2C300&amp;ssl=1 240w, https:\/\/i0.wp.com\/cesa-cegc.co\/wp-content\/uploads\/2023\/06\/Retrato_AGV.jpg?resize=819%2C1024&amp;ssl=1 819w, https:\/\/i0.wp.com\/cesa-cegc.co\/wp-content\/uploads\/2023\/06\/Retrato_AGV.jpg?resize=768%2C960&amp;ssl=1 768w\" sizes=\"(max-width: 819px) 100vw, 819px\" \/>\t\t\t\t\t\t\t\t\t\t\t\t\t\t\t<\/div>\n\t\t\t\t<\/div>\n\t\t\t\t<div class=\"elementor-element elementor-element-aa6a35c elementor-widget elementor-widget-heading\" data-id=\"aa6a35c\" data-element_type=\"widget\" data-e-type=\"widget\" data-widget_type=\"heading.default\">\n\t\t\t\t<div class=\"elementor-widget-container\">\n\t\t\t\t\t<h2 class=\"elementor-heading-title elementor-size-default\">Alexander Guzm\u00e1n V\u00e1squez<\/h2>\t\t\t\t<\/div>\n\t\t\t\t<\/div>\n\t\t\t\t\t<\/div>\n\t\t<\/div>\n\t\t\t\t<div class=\"elementor-column elementor-col-50 elementor-inner-column elementor-element elementor-element-7d94480\" data-id=\"7d94480\" data-element_type=\"column\" data-e-type=\"column\">\n\t\t\t<div class=\"elementor-widget-wrap elementor-element-populated\">\n\t\t\t\t\t\t<div class=\"elementor-element elementor-element-041456b elementor-widget elementor-widget-text-editor\" data-id=\"041456b\" data-element_type=\"widget\" data-e-type=\"widget\" data-widget_type=\"text-editor.default\">\n\t\t\t\t<div class=\"elementor-widget-container\">\n\t\t\t\t\t\t\t\t\t<p class=\"translation-block\">Alexander Guzman Vasquez is a full professor at CESA Business School, recognized as a senior researcher by the Ministry of Sciences, with a degree in business administration from Colombia\u2019s Externado University and a doctorate in administration from Los Andes University<\/p><p><span style=\"font-weight: 400;\">He is founder and co-director of CESA\u2019s Center for Corporate Governance Studies, as well as of the Women on Boards of Directors Leadership Initiative, founding member of the Colombian Institute for Corporate Governance (ICGC), consultant and advisor in the implementation of good governance practices and member of the OECD, IFC and World Bank\u2019s Latin American Network for Academic Research on Corporate Governance.<\/span><\/p><p><span style=\"font-weight: 400;\">He has been a professor of corporate finance, capital markets and corporate governance, at postgraduate and undergraduate level, and has developed internships and research activities in different national universities, as well as abroad.\u00a0<\/span><\/p><p style=\"font-size: 18px; font-style: normal;\">The research projects have been supported by the World Bank Group through the IFC, the Swiss Embassy in Colombia, the Colombian Presidency, the National Education Ministry, the Colombian Stock Exchange, the Superintendency of Companies, the Private Competitiveness Council, Confecamaras and the Bogota Chamber of Commerce, amongst others.\u00a0<\/p><p style=\"font-size: 18px; font-style: normal;\">Has published several research and textbooks, and more than forty papers in indexed scientific journals, as well as case studies. Her research has been presented at more than 30 international conferences worldwide.\u00a0<\/p>\t\t\t\t\t\t\t\t<\/div>\n\t\t\t\t<\/div>\n\t\t\t\t\t<\/div>\n\t\t<\/div>\n\t\t\t\t\t<\/div>\n\t\t<\/section>\n\t\t\t\t\t<\/div>\n\t\t<\/div>\n\t\t\t\t\t<\/div>\n\t\t<\/section>\n\t\t\t\t<section class=\"elementor-section elementor-top-section elementor-element elementor-element-40a873ed elementor-section-content-top elementor-section-boxed elementor-section-height-default elementor-section-height-default\" data-id=\"40a873ed\" data-element_type=\"section\" data-e-type=\"section\" data-settings=\"{&quot;background_background&quot;:&quot;classic&quot;}\">\n\t\t\t\t\t\t\t<div class=\"elementor-background-overlay\"><\/div>\n\t\t\t\t\t\t\t<div class=\"elementor-container elementor-column-gap-no\">\n\t\t\t\t\t<div class=\"elementor-column elementor-col-100 elementor-top-column elementor-element elementor-element-7b7e5e6f\" data-id=\"7b7e5e6f\" data-element_type=\"column\" data-e-type=\"column\">\n\t\t\t<div class=\"elementor-widget-wrap elementor-element-populated\">\n\t\t\t\t\t\t<div class=\"elementor-element elementor-element-576605e elementor-widget elementor-widget-heading\" data-id=\"576605e\" data-element_type=\"widget\" data-e-type=\"widget\" data-widget_type=\"heading.default\">\n\t\t\t\t<div class=\"elementor-widget-container\">\n\t\t\t\t\t<h2 class=\"elementor-heading-title elementor-size-default\">Support Within CEGC<\/h2>\t\t\t\t<\/div>\n\t\t\t\t<\/div>\n\t\t\t\t<div class=\"elementor-element elementor-element-6c0ac71 elementor-widget elementor-widget-text-editor\" data-id=\"6c0ac71\" data-element_type=\"widget\" data-e-type=\"widget\" data-widget_type=\"text-editor.default\">\n\t\t\t\t<div class=\"elementor-widget-container\">\n\t\t\t\t\t\t\t\t\t<p><span style=\"font-weight: 400;\">The CEGC\u2019s co-directors have the support of five corporate governance and sustainability expert professionals, who play an active role in developing the different projects led by the Studies center. <\/span><\/p><p><span style=\"font-weight: 400;\">This CESA think tank also has the support of corporate governance actors and leaders from the business sector, who help strengthen its activities.<\/span><\/p>\t\t\t\t\t\t\t\t<\/div>\n\t\t\t\t<\/div>\n\t\t\t\t\t<\/div>\n\t\t<\/div>\n\t\t\t\t\t<\/div>\n\t\t<\/section>\n\t\t\t\t<section class=\"elementor-section elementor-top-section elementor-element elementor-element-9a3840a elementor-section-boxed elementor-section-height-default elementor-section-height-default\" data-id=\"9a3840a\" data-element_type=\"section\" data-e-type=\"section\">\n\t\t\t\t\t\t<div class=\"elementor-container elementor-column-gap-default\">\n\t\t\t\t\t<div class=\"elementor-column elementor-col-100 elementor-top-column elementor-element elementor-element-be516ac\" data-id=\"be516ac\" data-element_type=\"column\" data-e-type=\"column\">\n\t\t\t<div class=\"elementor-widget-wrap elementor-element-populated\">\n\t\t\t\t\t\t<div class=\"elementor-element elementor-element-1cbb785 elementor-widget elementor-widget-spacer\" data-id=\"1cbb785\" data-element_type=\"widget\" data-e-type=\"widget\" data-widget_type=\"spacer.default\">\n\t\t\t\t<div class=\"elementor-widget-container\">\n\t\t\t\t\t\t\t<div class=\"elementor-spacer\">\n\t\t\t<div class=\"elementor-spacer-inner\"><\/div>\n\t\t<\/div>\n\t\t\t\t\t\t<\/div>\n\t\t\t\t<\/div>\n\t\t\t\t\t<\/div>\n\t\t<\/div>\n\t\t\t\t\t<\/div>\n\t\t<\/section>\n\t\t\t\t<\/div>","protected":false},"excerpt":{"rendered":"<p>Nuestros Codirectores Mar\u00eda Andrea Trujillo D\u00e1vila Mar\u00eda Andrea Trujillo D\u00e1vila, es profesora titular del Colegio de Estudios Superiores de Administraci\u00f3n (CESA), reconocida como investigadora s\u00e9nior por el Ministerio de Ciencias, Doctora en Administraci\u00f3n de la Universidad de los Andes e Ingeniera Sanitaria de la Universidad de Antioquia.&nbsp; Fundadora y codirectora del Centro de Estudios de [&hellip;]<\/p>\n","protected":false},"author":1,"featured_media":0,"parent":0,"menu_order":0,"comment_status":"closed","ping_status":"closed","template":"","meta":{"nf_dc_page":"","om_disable_all_campaigns":false,"_monsterinsights_skip_tracking":false,"_monsterinsights_sitenote_active":false,"_monsterinsights_sitenote_note":"","_monsterinsights_sitenote_category":0,"site-sidebar-layout":"no-sidebar","site-content-layout":"page-builder","ast-site-content-layout":"default","site-content-style":"default","site-sidebar-style":"default","ast-global-header-display":"","ast-banner-title-visibility":"","ast-main-header-display":"","ast-hfb-above-header-display":"","ast-hfb-below-header-display":"","ast-hfb-mobile-header-display":"","site-post-title":"disabled","ast-breadcrumbs-content":"","ast-featured-img":"disabled","footer-sml-layout":"","ast-disable-related-posts":"","theme-transparent-header-meta":"enabled","adv-header-id-meta":"","stick-header-meta":"","header-above-stick-meta":"","header-main-stick-meta":"","header-below-stick-meta":"","astra-migrate-meta-layouts":"default","ast-page-background-enabled":"default","ast-page-background-meta":{"desktop":{"background-color":"","background-image":"","background-repeat":"repeat","background-position":"center center","background-size":"auto","background-attachment":"scroll","background-type":"","background-media":"","overlay-type":"","overlay-color":"","overlay-opacity":"","overlay-gradient":""},"tablet":{"background-color":"","background-image":"","background-repeat":"repeat","background-position":"center center","background-size":"auto","background-attachment":"scroll","background-type":"","background-media":"","overlay-type":"","overlay-color":"","overlay-opacity":"","overlay-gradient":""},"mobile":{"background-color":"","background-image":"","background-repeat":"repeat","background-position":"center center","background-size":"auto","background-attachment":"scroll","background-type":"","background-media":"","overlay-type":"","overlay-color":"","overlay-opacity":"","overlay-gradient":""}},"ast-content-background-meta":{"desktop":{"background-color":"var(--ast-global-color-5)","background-image":"","background-repeat":"repeat","background-position":"center center","background-size":"auto","background-attachment":"scroll","background-type":"","background-media":"","overlay-type":"","overlay-color":"","overlay-opacity":"","overlay-gradient":""},"tablet":{"background-color":"var(--ast-global-color-5)","background-image":"","background-repeat":"repeat","background-position":"center center","background-size":"auto","background-attachment":"scroll","background-type":"","background-media":"","overlay-type":"","overlay-color":"","overlay-opacity":"","overlay-gradient":""},"mobile":{"background-color":"var(--ast-global-color-5)","background-image":"","background-repeat":"repeat","background-position":"center center","background-size":"auto","background-attachment":"scroll","background-type":"","background-media":"","overlay-type":"","overlay-color":"","overlay-opacity":"","overlay-gradient":""}},"footnotes":""},"class_list":["post-527","page","type-page","status-publish","hentry"],"yoast_head":"<!-- This site is optimized with the Yoast SEO plugin v27.4 - https:\/\/yoast.com\/product\/yoast-seo-wordpress\/ -->\n<title>Nuestros Codirectores - CESA-CEGC<\/title>\n<meta name=\"robots\" content=\"index, follow, max-snippet:-1, max-image-preview:large, max-video-preview:-1\" \/>\n<link rel=\"canonical\" href=\"https:\/\/cesa-cegc.co\/en\/nuestros-codirectores\/\" \/>\n<meta property=\"og:locale\" content=\"en_US\" \/>\n<meta property=\"og:type\" content=\"article\" \/>\n<meta property=\"og:title\" content=\"Nuestros Codirectores - CESA-CEGC\" \/>\n<meta property=\"og:description\" content=\"Nuestros Codirectores Mar\u00eda Andrea Trujillo D\u00e1vila Mar\u00eda Andrea Trujillo D\u00e1vila, es profesora titular del Colegio de Estudios Superiores de Administraci\u00f3n (CESA), reconocida como investigadora s\u00e9nior por el Ministerio de Ciencias, Doctora en Administraci\u00f3n de la Universidad de los Andes e Ingeniera Sanitaria de la Universidad de Antioquia.&nbsp; Fundadora y codirectora del Centro de Estudios de [&hellip;]\" \/>\n<meta property=\"og:url\" content=\"https:\/\/cesa-cegc.co\/en\/nuestros-codirectores\/\" \/>\n<meta property=\"og:site_name\" content=\"CESA-CEGC\" \/>\n<meta property=\"article:modified_time\" content=\"2023-07-11T23:03:33+00:00\" \/>\n<meta property=\"og:image\" content=\"https:\/\/cesa-cegc.co\/wp-content\/uploads\/2022\/05\/Maria-TD-0-682x1024.jpg\" \/>\n<meta name=\"twitter:card\" content=\"summary_large_image\" \/>\n<meta name=\"twitter:label1\" content=\"Est. reading time\" \/>\n\t<meta name=\"twitter:data1\" content=\"3 minutes\" \/>\n<script type=\"application\/ld+json\" class=\"yoast-schema-graph\">{\"@context\":\"https:\\\/\\\/schema.org\",\"@graph\":[{\"@type\":\"WebPage\",\"@id\":\"https:\\\/\\\/cesa-cegc.co\\\/nuestros-codirectores\\\/\",\"url\":\"https:\\\/\\\/cesa-cegc.co\\\/nuestros-codirectores\\\/\",\"name\":\"Nuestros Codirectores - CESA-CEGC\",\"isPartOf\":{\"@id\":\"http:\\\/\\\/cesa-cegc.co\\\/#website\"},\"primaryImageOfPage\":{\"@id\":\"https:\\\/\\\/cesa-cegc.co\\\/nuestros-codirectores\\\/#primaryimage\"},\"image\":{\"@id\":\"https:\\\/\\\/cesa-cegc.co\\\/nuestros-codirectores\\\/#primaryimage\"},\"thumbnailUrl\":\"https:\\\/\\\/cesa-cegc.co\\\/wp-content\\\/uploads\\\/2022\\\/05\\\/Maria-TD-0-682x1024.jpg\",\"datePublished\":\"2018-11-26T12:45:57+00:00\",\"dateModified\":\"2023-07-11T23:03:33+00:00\",\"breadcrumb\":{\"@id\":\"https:\\\/\\\/cesa-cegc.co\\\/nuestros-codirectores\\\/#breadcrumb\"},\"inLanguage\":\"en-US\",\"potentialAction\":[{\"@type\":\"ReadAction\",\"target\":[\"https:\\\/\\\/cesa-cegc.co\\\/nuestros-codirectores\\\/\"]}]},{\"@type\":\"ImageObject\",\"inLanguage\":\"en-US\",\"@id\":\"https:\\\/\\\/cesa-cegc.co\\\/nuestros-codirectores\\\/#primaryimage\",\"url\":\"https:\\\/\\\/cesa-cegc.co\\\/wp-content\\\/uploads\\\/2022\\\/05\\\/Maria-TD-0-682x1024.jpg\",\"contentUrl\":\"https:\\\/\\\/cesa-cegc.co\\\/wp-content\\\/uploads\\\/2022\\\/05\\\/Maria-TD-0-682x1024.jpg\"},{\"@type\":\"BreadcrumbList\",\"@id\":\"https:\\\/\\\/cesa-cegc.co\\\/nuestros-codirectores\\\/#breadcrumb\",\"itemListElement\":[{\"@type\":\"ListItem\",\"position\":1,\"name\":\"Home\",\"item\":\"https:\\\/\\\/cesa-cegc.co\\\/\"},{\"@type\":\"ListItem\",\"position\":2,\"name\":\"Nuestros Codirectores\"}]},{\"@type\":\"WebSite\",\"@id\":\"http:\\\/\\\/cesa-cegc.co\\\/#website\",\"url\":\"http:\\\/\\\/cesa-cegc.co\\\/\",\"name\":\"CESA-CEGC\",\"description\":\"Centro de Estudios en Gobierno Corporativo-CESA\",\"publisher\":{\"@id\":\"http:\\\/\\\/cesa-cegc.co\\\/#organization\"},\"potentialAction\":[{\"@type\":\"SearchAction\",\"target\":{\"@type\":\"EntryPoint\",\"urlTemplate\":\"http:\\\/\\\/cesa-cegc.co\\\/?s={search_term_string}\"},\"query-input\":{\"@type\":\"PropertyValueSpecification\",\"valueRequired\":true,\"valueName\":\"search_term_string\"}}],\"inLanguage\":\"en-US\"},{\"@type\":\"Organization\",\"@id\":\"http:\\\/\\\/cesa-cegc.co\\\/#organization\",\"name\":\"CESA-CEGC\",\"url\":\"http:\\\/\\\/cesa-cegc.co\\\/\",\"logo\":{\"@type\":\"ImageObject\",\"inLanguage\":\"en-US\",\"@id\":\"http:\\\/\\\/cesa-cegc.co\\\/#\\\/schema\\\/logo\\\/image\\\/\",\"url\":\"https:\\\/\\\/i0.wp.com\\\/cesa-cegc.co\\\/wp-content\\\/uploads\\\/2020\\\/02\\\/CESA-50-CEGC.png?fit=350%2C77&ssl=1\",\"contentUrl\":\"https:\\\/\\\/i0.wp.com\\\/cesa-cegc.co\\\/wp-content\\\/uploads\\\/2020\\\/02\\\/CESA-50-CEGC.png?fit=350%2C77&ssl=1\",\"width\":350,\"height\":77,\"caption\":\"CESA-CEGC\"},\"image\":{\"@id\":\"http:\\\/\\\/cesa-cegc.co\\\/#\\\/schema\\\/logo\\\/image\\\/\"}}]}<\/script>\n<!-- \/ Yoast SEO plugin. -->","yoast_head_json":{"title":"Nuestros Codirectores - CESA-CEGC","robots":{"index":"index","follow":"follow","max-snippet":"max-snippet:-1","max-image-preview":"max-image-preview:large","max-video-preview":"max-video-preview:-1"},"canonical":"https:\/\/cesa-cegc.co\/en\/nuestros-codirectores\/","og_locale":"en_US","og_type":"article","og_title":"Nuestros Codirectores - CESA-CEGC","og_description":"Nuestros Codirectores Mar\u00eda Andrea Trujillo D\u00e1vila Mar\u00eda Andrea Trujillo D\u00e1vila, es profesora titular del Colegio de Estudios Superiores de Administraci\u00f3n (CESA), reconocida como investigadora s\u00e9nior por el Ministerio de Ciencias, Doctora en Administraci\u00f3n de la Universidad de los Andes e Ingeniera Sanitaria de la Universidad de Antioquia.&nbsp; Fundadora y codirectora del Centro de Estudios de [&hellip;]","og_url":"https:\/\/cesa-cegc.co\/en\/nuestros-codirectores\/","og_site_name":"CESA-CEGC","article_modified_time":"2023-07-11T23:03:33+00:00","og_image":[{"url":"https:\/\/cesa-cegc.co\/wp-content\/uploads\/2022\/05\/Maria-TD-0-682x1024.jpg","type":"","width":"","height":""}],"twitter_card":"summary_large_image","twitter_misc":{"Est. reading time":"3 minutes"},"schema":{"@context":"https:\/\/schema.org","@graph":[{"@type":"WebPage","@id":"https:\/\/cesa-cegc.co\/nuestros-codirectores\/","url":"https:\/\/cesa-cegc.co\/nuestros-codirectores\/","name":"Nuestros Codirectores - CESA-CEGC","isPartOf":{"@id":"http:\/\/cesa-cegc.co\/#website"},"primaryImageOfPage":{"@id":"https:\/\/cesa-cegc.co\/nuestros-codirectores\/#primaryimage"},"image":{"@id":"https:\/\/cesa-cegc.co\/nuestros-codirectores\/#primaryimage"},"thumbnailUrl":"https:\/\/cesa-cegc.co\/wp-content\/uploads\/2022\/05\/Maria-TD-0-682x1024.jpg","datePublished":"2018-11-26T12:45:57+00:00","dateModified":"2023-07-11T23:03:33+00:00","breadcrumb":{"@id":"https:\/\/cesa-cegc.co\/nuestros-codirectores\/#breadcrumb"},"inLanguage":"en-US","potentialAction":[{"@type":"ReadAction","target":["https:\/\/cesa-cegc.co\/nuestros-codirectores\/"]}]},{"@type":"ImageObject","inLanguage":"en-US","@id":"https:\/\/cesa-cegc.co\/nuestros-codirectores\/#primaryimage","url":"https:\/\/cesa-cegc.co\/wp-content\/uploads\/2022\/05\/Maria-TD-0-682x1024.jpg","contentUrl":"https:\/\/cesa-cegc.co\/wp-content\/uploads\/2022\/05\/Maria-TD-0-682x1024.jpg"},{"@type":"BreadcrumbList","@id":"https:\/\/cesa-cegc.co\/nuestros-codirectores\/#breadcrumb","itemListElement":[{"@type":"ListItem","position":1,"name":"Home","item":"https:\/\/cesa-cegc.co\/"},{"@type":"ListItem","position":2,"name":"Nuestros Codirectores"}]},{"@type":"WebSite","@id":"http:\/\/cesa-cegc.co\/#website","url":"http:\/\/cesa-cegc.co\/","name":"CESA-CEGC","description":"Center for Corporate Governance Studies - CESA","publisher":{"@id":"http:\/\/cesa-cegc.co\/#organization"},"potentialAction":[{"@type":"SearchAction","target":{"@type":"EntryPoint","urlTemplate":"http:\/\/cesa-cegc.co\/?s={search_term_string}"},"query-input":{"@type":"PropertyValueSpecification","valueRequired":true,"valueName":"search_term_string"}}],"inLanguage":"en-US"},{"@type":"Organization","@id":"http:\/\/cesa-cegc.co\/#organization","name":"CESA-CEGC","url":"http:\/\/cesa-cegc.co\/","logo":{"@type":"ImageObject","inLanguage":"en-US","@id":"http:\/\/cesa-cegc.co\/#\/schema\/logo\/image\/","url":"https:\/\/i0.wp.com\/cesa-cegc.co\/wp-content\/uploads\/2020\/02\/CESA-50-CEGC.png?fit=350%2C77&ssl=1","contentUrl":"https:\/\/i0.wp.com\/cesa-cegc.co\/wp-content\/uploads\/2020\/02\/CESA-50-CEGC.png?fit=350%2C77&ssl=1","width":350,"height":77,"caption":"CESA-CEGC"},"image":{"@id":"http:\/\/cesa-cegc.co\/#\/schema\/logo\/image\/"}}]}},"jetpack_sharing_enabled":true,"_links":{"self":[{"href":"https:\/\/cesa-cegc.co\/en\/wp-json\/wp\/v2\/pages\/527","targetHints":{"allow":["GET"]}}],"collection":[{"href":"https:\/\/cesa-cegc.co\/en\/wp-json\/wp\/v2\/pages"}],"about":[{"href":"https:\/\/cesa-cegc.co\/en\/wp-json\/wp\/v2\/types\/page"}],"author":[{"embeddable":true,"href":"https:\/\/cesa-cegc.co\/en\/wp-json\/wp\/v2\/users\/1"}],"replies":[{"embeddable":true,"href":"https:\/\/cesa-cegc.co\/en\/wp-json\/wp\/v2\/comments?post=527"}],"version-history":[{"count":6,"href":"https:\/\/cesa-cegc.co\/en\/wp-json\/wp\/v2\/pages\/527\/revisions"}],"predecessor-version":[{"id":1796,"href":"https:\/\/cesa-cegc.co\/en\/wp-json\/wp\/v2\/pages\/527\/revisions\/1796"}],"wp:attachment":[{"href":"https:\/\/cesa-cegc.co\/en\/wp-json\/wp\/v2\/media?parent=527"}],"curies":[{"name":"wp","href":"https:\/\/api.w.org\/{rel}","templated":true}]}}