{"id":527,"date":"2018-11-26T12:45:57","date_gmt":"2018-11-26T12:45:57","guid":{"rendered":"http:\/\/cesa-cegc.co\/?page_id=527"},"modified":"2023-07-11T23:03:33","modified_gmt":"2023-07-11T23:03:33","slug":"nuestros-codirectores","status":"publish","type":"page","link":"https:\/\/cesa-cegc.co\/es\/nuestros-codirectores\/","title":{"rendered":"Nuestros Codirectores"},"content":{"rendered":"\t\t<div data-elementor-type=\"wp-post\" data-elementor-id=\"527\" class=\"elementor elementor-527\">\n\t\t\t\t\t\t<section class=\"elementor-section elementor-top-section elementor-element elementor-element-ba51c03 elementor-section-height-min-height elementor-section-boxed elementor-section-height-default elementor-section-items-middle\" data-id=\"ba51c03\" data-element_type=\"section\" data-e-type=\"section\">\n\t\t\t\t\t\t<div class=\"elementor-container elementor-column-gap-default\">\n\t\t\t\t\t<div class=\"elementor-column elementor-col-100 elementor-top-column elementor-element elementor-element-092c34b\" data-id=\"092c34b\" data-element_type=\"column\" data-e-type=\"column\">\n\t\t\t<div class=\"elementor-widget-wrap elementor-element-populated\">\n\t\t\t\t\t\t<div class=\"elementor-element elementor-element-f0f48b7 elementor-widget elementor-widget-spacer\" data-id=\"f0f48b7\" data-element_type=\"widget\" data-e-type=\"widget\" data-widget_type=\"spacer.default\">\n\t\t\t\t<div class=\"elementor-widget-container\">\n\t\t\t\t\t\t\t<div class=\"elementor-spacer\">\n\t\t\t<div class=\"elementor-spacer-inner\"><\/div>\n\t\t<\/div>\n\t\t\t\t\t\t<\/div>\n\t\t\t\t<\/div>\n\t\t\t\t<div class=\"elementor-element elementor-element-574ecc5 elementor-widget elementor-widget-heading\" data-id=\"574ecc5\" data-element_type=\"widget\" data-e-type=\"widget\" data-widget_type=\"heading.default\">\n\t\t\t\t<div class=\"elementor-widget-container\">\n\t\t\t\t\t<h2 class=\"elementor-heading-title elementor-size-default\">Nuestros Codirectores<\/h2>\t\t\t\t<\/div>\n\t\t\t\t<\/div>\n\t\t\t\t<section class=\"elementor-section elementor-inner-section elementor-element elementor-element-551b5eb elementor-section-boxed elementor-section-height-default elementor-section-height-default\" data-id=\"551b5eb\" data-element_type=\"section\" data-e-type=\"section\">\n\t\t\t\t\t\t<div class=\"elementor-container elementor-column-gap-default\">\n\t\t\t\t\t<div class=\"elementor-column elementor-col-50 elementor-inner-column elementor-element elementor-element-d42e761\" data-id=\"d42e761\" data-element_type=\"column\" data-e-type=\"column\">\n\t\t\t<div class=\"elementor-widget-wrap elementor-element-populated\">\n\t\t\t\t\t\t<div class=\"elementor-element elementor-element-0d3b37e elementor-widget elementor-widget-image\" data-id=\"0d3b37e\" data-element_type=\"widget\" data-e-type=\"widget\" data-widget_type=\"image.default\">\n\t\t\t\t<div class=\"elementor-widget-container\">\n\t\t\t\t\t\t\t\t\t\t\t\t\t\t\t<img fetchpriority=\"high\" decoding=\"async\" width=\"682\" height=\"1024\" src=\"https:\/\/i0.wp.com\/cesa-cegc.co\/wp-content\/uploads\/2022\/05\/Maria-TD-0-e1686841901706.jpg?fit=682%2C1024&amp;ssl=1\" class=\"attachment-large size-large wp-image-920\" alt=\"\" \/>\t\t\t\t\t\t\t\t\t\t\t\t\t\t\t<\/div>\n\t\t\t\t<\/div>\n\t\t\t\t<div class=\"elementor-element elementor-element-af8b8d1 elementor-widget elementor-widget-heading\" data-id=\"af8b8d1\" data-element_type=\"widget\" data-e-type=\"widget\" data-widget_type=\"heading.default\">\n\t\t\t\t<div class=\"elementor-widget-container\">\n\t\t\t\t\t<h2 class=\"elementor-heading-title elementor-size-default\">Mar\u00eda Andrea Trujillo D\u00e1vila<\/h2>\t\t\t\t<\/div>\n\t\t\t\t<\/div>\n\t\t\t\t\t<\/div>\n\t\t<\/div>\n\t\t\t\t<div class=\"elementor-column elementor-col-50 elementor-inner-column elementor-element elementor-element-bafdc07\" data-id=\"bafdc07\" data-element_type=\"column\" data-e-type=\"column\">\n\t\t\t<div class=\"elementor-widget-wrap elementor-element-populated\">\n\t\t\t\t\t\t<div class=\"elementor-element elementor-element-9a00a0e elementor-widget elementor-widget-text-editor\" data-id=\"9a00a0e\" data-element_type=\"widget\" data-e-type=\"widget\" data-widget_type=\"text-editor.default\">\n\t\t\t\t<div class=\"elementor-widget-container\">\n\t\t\t\t\t\t\t\t\t<p>Mar\u00eda Andrea Trujillo D\u00e1vila, <span style=\"font-weight: 400;\">es profesora titular del Colegio de Estudios Superiores de Administraci\u00f3n (CESA), reconocida como investigadora s\u00e9nior por el Ministerio de Ciencias, Doctora en Administraci\u00f3n de la Universidad de los Andes e Ingeniera Sanitaria de la Universidad de Antioquia.&nbsp;<\/span><\/p>\n<p><span style=\"font-weight: 400;\">Fundadora y codirectora del Centro de Estudios de Gobierno Corporativo (CEGC) del CESA, as\u00ed como de la iniciativa de Liderazgo de mujeres en Juntas Directivas, miembro fundador del Instituto Colombiano de Gobierno Corporativo (ICGC), consultora y asesora en la implementaci\u00f3n de buenas pr\u00e1cticas de gobierno y miembro de la Red de Am\u00e9rica Latina para la Investigaci\u00f3n Acad\u00e9mica del Gobierno Corporativo de la OCDE, IFC y el Banco Mundial.<\/span><\/p>\n<p><span style=\"font-weight: 400;\">Cuenta con experiencia en docencia e investigaci\u00f3n en finanzas y gobierno corporativo en programas de pregrado y posgrado en diferentes universidades en el \u00e1mbito nacional, as\u00ed como en el exterior.&nbsp;<\/span><\/p><p style=\"font-size: 18px; font-style: normal;\">Sus proyectos de investigaci\u00f3n han contado con el apoyo del Grupo Banco Mundial mediante la IFC, La Embajada Suiza en Colombia, la Presidencia de la Rep\u00fablica de Colombia, el Ministerio de Educaci\u00f3n Nacional, la Bolsa de Valores de Colombia, la Superintendencia de Sociedades, el Consejo Privado de Competitividad, Confec\u00e1maras y la C\u00e1mara de Comercio de Bogot\u00e1, entre otros.&nbsp;<\/p><p style=\"font-size: 18px; font-style: normal;\">Ha publicado varios libros de investigaci\u00f3n y de texto, y m\u00e1s de cuarenta art\u00edculos en revistas cient\u00edficas indexadas, adem\u00e1s de casos de estudios. Sus investigaciones han sido presentadas en m\u00e1s de 30 conferencias internacionales alrededor del mundo.&nbsp;<\/p>\t\t\t\t\t\t\t\t<\/div>\n\t\t\t\t<\/div>\n\t\t\t\t\t<\/div>\n\t\t<\/div>\n\t\t\t\t\t<\/div>\n\t\t<\/section>\n\t\t\t\t<div class=\"elementor-element elementor-element-b3540a0 elementor-widget elementor-widget-spacer\" data-id=\"b3540a0\" data-element_type=\"widget\" data-e-type=\"widget\" data-widget_type=\"spacer.default\">\n\t\t\t\t<div class=\"elementor-widget-container\">\n\t\t\t\t\t\t\t<div class=\"elementor-spacer\">\n\t\t\t<div class=\"elementor-spacer-inner\"><\/div>\n\t\t<\/div>\n\t\t\t\t\t\t<\/div>\n\t\t\t\t<\/div>\n\t\t\t\t<section class=\"elementor-section elementor-inner-section elementor-element elementor-element-183babb elementor-section-boxed elementor-section-height-default elementor-section-height-default\" data-id=\"183babb\" data-element_type=\"section\" data-e-type=\"section\">\n\t\t\t\t\t\t<div class=\"elementor-container elementor-column-gap-default\">\n\t\t\t\t\t<div class=\"elementor-column elementor-col-50 elementor-inner-column elementor-element elementor-element-60c2ca5\" data-id=\"60c2ca5\" data-element_type=\"column\" data-e-type=\"column\">\n\t\t\t<div class=\"elementor-widget-wrap elementor-element-populated\">\n\t\t\t\t\t\t<div class=\"elementor-element elementor-element-9980dd7 elementor-widget elementor-widget-image\" data-id=\"9980dd7\" data-element_type=\"widget\" data-e-type=\"widget\" data-widget_type=\"image.default\">\n\t\t\t\t<div class=\"elementor-widget-container\">\n\t\t\t\t\t\t\t\t\t\t\t\t\t\t\t<img decoding=\"async\" width=\"819\" height=\"1024\" src=\"https:\/\/i0.wp.com\/cesa-cegc.co\/wp-content\/uploads\/2023\/06\/Retrato_AGV.jpg?fit=819%2C1024&amp;ssl=1\" class=\"attachment-large size-large wp-image-1582\" alt=\"\" srcset=\"https:\/\/i0.wp.com\/cesa-cegc.co\/wp-content\/uploads\/2023\/06\/Retrato_AGV.jpg?w=1080&amp;ssl=1 1080w, https:\/\/i0.wp.com\/cesa-cegc.co\/wp-content\/uploads\/2023\/06\/Retrato_AGV.jpg?resize=240%2C300&amp;ssl=1 240w, https:\/\/i0.wp.com\/cesa-cegc.co\/wp-content\/uploads\/2023\/06\/Retrato_AGV.jpg?resize=819%2C1024&amp;ssl=1 819w, https:\/\/i0.wp.com\/cesa-cegc.co\/wp-content\/uploads\/2023\/06\/Retrato_AGV.jpg?resize=768%2C960&amp;ssl=1 768w\" sizes=\"(max-width: 819px) 100vw, 819px\" \/>\t\t\t\t\t\t\t\t\t\t\t\t\t\t\t<\/div>\n\t\t\t\t<\/div>\n\t\t\t\t<div class=\"elementor-element elementor-element-aa6a35c elementor-widget elementor-widget-heading\" data-id=\"aa6a35c\" data-element_type=\"widget\" data-e-type=\"widget\" data-widget_type=\"heading.default\">\n\t\t\t\t<div class=\"elementor-widget-container\">\n\t\t\t\t\t<h2 class=\"elementor-heading-title elementor-size-default\">Alexander Guzm\u00e1n V\u00e1squez<\/h2>\t\t\t\t<\/div>\n\t\t\t\t<\/div>\n\t\t\t\t\t<\/div>\n\t\t<\/div>\n\t\t\t\t<div class=\"elementor-column elementor-col-50 elementor-inner-column elementor-element elementor-element-7d94480\" data-id=\"7d94480\" data-element_type=\"column\" data-e-type=\"column\">\n\t\t\t<div class=\"elementor-widget-wrap elementor-element-populated\">\n\t\t\t\t\t\t<div class=\"elementor-element elementor-element-041456b elementor-widget elementor-widget-text-editor\" data-id=\"041456b\" data-element_type=\"widget\" data-e-type=\"widget\" data-widget_type=\"text-editor.default\">\n\t\t\t\t<div class=\"elementor-widget-container\">\n\t\t\t\t\t\t\t\t\t<p>Alexander Guzm\u00e1n V\u00e1squez <span style=\"font-weight: 400;\">es profesor titular del Colegio de Estudios Superiores de Administraci\u00f3n (CESA), reconocido como investigador s\u00e9nior por MinCiencias; Administrador de Empresas de la Universidad Externado de Colombia y Doctor en Administraci\u00f3n de la Universidad de los Andes.\u00a0<\/span><\/p><p><span style=\"font-weight: 400;\">Fundador y codirector del Centro de Estudios de Gobierno Corporativo (CEGC) del CESA, as\u00ed como de la iniciativa de Liderazgo de mujeres en Juntas Directivas, miembro fundador del Instituto Colombiano de Gobierno Corporativo (ICGC), consultor y asesor en la implementaci\u00f3n de buenas pr\u00e1cticas de gobierno y miembro de la Red de Am\u00e9rica Latina para la Investigaci\u00f3n Acad\u00e9mica del Gobierno Corporativo de la OCDE, IFC y el Banco Mundial.<\/span><\/p><p><span style=\"font-weight: 400;\">Ha sido profesor de aspectos relacionados con finanzas corporativas, mercado de capitales y gobierno corporativo, en programas de pregrado y posgrado, y ha desarrollado pasant\u00edas y actividades de investigaci\u00f3n en diferentes universidades en el \u00e1mbito nacional, as\u00ed como en el exterior.\u00a0<\/span><\/p><p style=\"font-size: 18px; font-style: normal;\">Sus proyectos de investigaci\u00f3n han contado con el apoyo del Grupo Banco Mundial mediante la IFC, La Embajada Suiza en Colombia, la Presidencia de la Rep\u00fablica de Colombia, el Ministerio de Educaci\u00f3n Nacional, la Bolsa de Valores de Colombia, la Superintendencia de Sociedades, el Consejo Privado de Competitividad, Confec\u00e1maras y la C\u00e1mara de Comercio de Bogot\u00e1, entre otros.\u00a0<\/p><p style=\"font-size: 18px; font-style: normal;\">Ha publicado varios libros de investigaci\u00f3n y de texto, y m\u00e1s de cuarenta art\u00edculos en revistas cient\u00edficas indexadas, adem\u00e1s de casos de estudios. Sus investigaciones han sido presentadas en m\u00e1s de 30 conferencias internacionales alrededor del mundo.\u00a0<\/p>\t\t\t\t\t\t\t\t<\/div>\n\t\t\t\t<\/div>\n\t\t\t\t\t<\/div>\n\t\t<\/div>\n\t\t\t\t\t<\/div>\n\t\t<\/section>\n\t\t\t\t\t<\/div>\n\t\t<\/div>\n\t\t\t\t\t<\/div>\n\t\t<\/section>\n\t\t\t\t<section class=\"elementor-section elementor-top-section elementor-element elementor-element-40a873ed elementor-section-content-top elementor-section-boxed elementor-section-height-default elementor-section-height-default\" data-id=\"40a873ed\" data-element_type=\"section\" data-e-type=\"section\" data-settings=\"{&quot;background_background&quot;:&quot;classic&quot;}\">\n\t\t\t\t\t\t\t<div class=\"elementor-background-overlay\"><\/div>\n\t\t\t\t\t\t\t<div class=\"elementor-container elementor-column-gap-no\">\n\t\t\t\t\t<div class=\"elementor-column elementor-col-100 elementor-top-column elementor-element elementor-element-7b7e5e6f\" data-id=\"7b7e5e6f\" data-element_type=\"column\" data-e-type=\"column\">\n\t\t\t<div class=\"elementor-widget-wrap elementor-element-populated\">\n\t\t\t\t\t\t<div class=\"elementor-element elementor-element-576605e elementor-widget elementor-widget-heading\" data-id=\"576605e\" data-element_type=\"widget\" data-e-type=\"widget\" data-widget_type=\"heading.default\">\n\t\t\t\t<div class=\"elementor-widget-container\">\n\t\t\t\t\t<h2 class=\"elementor-heading-title elementor-size-default\">Apoyo Dentro del CEGC<\/h2>\t\t\t\t<\/div>\n\t\t\t\t<\/div>\n\t\t\t\t<div class=\"elementor-element elementor-element-6c0ac71 elementor-widget elementor-widget-text-editor\" data-id=\"6c0ac71\" data-element_type=\"widget\" data-e-type=\"widget\" data-widget_type=\"text-editor.default\">\n\t\t\t\t<div class=\"elementor-widget-container\">\n\t\t\t\t\t\t\t\t\t<p><span style=\"font-weight: 400;\">Dentro del equipo de trabajo, los codirectores del CEGC cuentan con el apoyo de cinco profesionales expertos en gobierno corporativo y sostenibilidad, quienes juegan un rol activo en el desarrollo de los diferentes proyectos que el centro de estudios lidera. <\/span><\/p><p><span style=\"font-weight: 400;\">Adem\u00e1s, el CEGC cuenta con el apoyo de actores de gobierno corporativo y l\u00edderes en el sector empresarial, que contribuyen a fortalecer las actividades desarrolladas desde este centro de pensamiento del CESA.<\/span><\/p>\t\t\t\t\t\t\t\t<\/div>\n\t\t\t\t<\/div>\n\t\t\t\t\t<\/div>\n\t\t<\/div>\n\t\t\t\t\t<\/div>\n\t\t<\/section>\n\t\t\t\t<section class=\"elementor-section elementor-top-section elementor-element elementor-element-9a3840a elementor-section-boxed elementor-section-height-default elementor-section-height-default\" data-id=\"9a3840a\" data-element_type=\"section\" data-e-type=\"section\">\n\t\t\t\t\t\t<div class=\"elementor-container elementor-column-gap-default\">\n\t\t\t\t\t<div class=\"elementor-column elementor-col-100 elementor-top-column elementor-element elementor-element-be516ac\" data-id=\"be516ac\" data-element_type=\"column\" data-e-type=\"column\">\n\t\t\t<div class=\"elementor-widget-wrap elementor-element-populated\">\n\t\t\t\t\t\t<div class=\"elementor-element elementor-element-1cbb785 elementor-widget elementor-widget-spacer\" data-id=\"1cbb785\" data-element_type=\"widget\" data-e-type=\"widget\" data-widget_type=\"spacer.default\">\n\t\t\t\t<div class=\"elementor-widget-container\">\n\t\t\t\t\t\t\t<div class=\"elementor-spacer\">\n\t\t\t<div class=\"elementor-spacer-inner\"><\/div>\n\t\t<\/div>\n\t\t\t\t\t\t<\/div>\n\t\t\t\t<\/div>\n\t\t\t\t\t<\/div>\n\t\t<\/div>\n\t\t\t\t\t<\/div>\n\t\t<\/section>\n\t\t\t\t<\/div>\n\t\t","protected":false},"excerpt":{"rendered":"<p>Nuestros Codirectores Mar\u00eda Andrea Trujillo D\u00e1vila Mar\u00eda Andrea Trujillo D\u00e1vila, es profesora titular del Colegio de Estudios Superiores de Administraci\u00f3n (CESA), reconocida como investigadora s\u00e9nior por el Ministerio de Ciencias, Doctora en Administraci\u00f3n de la Universidad de los Andes e Ingeniera Sanitaria de la Universidad de Antioquia.&nbsp; Fundadora y codirectora del Centro de Estudios de [&hellip;]<\/p>\n","protected":false},"author":1,"featured_media":0,"parent":0,"menu_order":0,"comment_status":"closed","ping_status":"closed","template":"","meta":{"nf_dc_page":"","om_disable_all_campaigns":false,"_monsterinsights_skip_tracking":false,"_monsterinsights_sitenote_active":false,"_monsterinsights_sitenote_note":"","_monsterinsights_sitenote_category":0,"site-sidebar-layout":"no-sidebar","site-content-layout":"page-builder","ast-site-content-layout":"default","site-content-style":"default","site-sidebar-style":"default","ast-global-header-display":"","ast-banner-title-visibility":"","ast-main-header-display":"","ast-hfb-above-header-display":"","ast-hfb-below-header-display":"","ast-hfb-mobile-header-display":"","site-post-title":"disabled","ast-breadcrumbs-content":"","ast-featured-img":"disabled","footer-sml-layout":"","ast-disable-related-posts":"","theme-transparent-header-meta":"enabled","adv-header-id-meta":"","stick-header-meta":"","header-above-stick-meta":"","header-main-stick-meta":"","header-below-stick-meta":"","astra-migrate-meta-layouts":"default","ast-page-background-enabled":"default","ast-page-background-meta":{"desktop":{"background-color":"","background-image":"","background-repeat":"repeat","background-position":"center center","background-size":"auto","background-attachment":"scroll","background-type":"","background-media":"","overlay-type":"","overlay-color":"","overlay-opacity":"","overlay-gradient":""},"tablet":{"background-color":"","background-image":"","background-repeat":"repeat","background-position":"center center","background-size":"auto","background-attachment":"scroll","background-type":"","background-media":"","overlay-type":"","overlay-color":"","overlay-opacity":"","overlay-gradient":""},"mobile":{"background-color":"","background-image":"","background-repeat":"repeat","background-position":"center center","background-size":"auto","background-attachment":"scroll","background-type":"","background-media":"","overlay-type":"","overlay-color":"","overlay-opacity":"","overlay-gradient":""}},"ast-content-background-meta":{"desktop":{"background-color":"var(--ast-global-color-5)","background-image":"","background-repeat":"repeat","background-position":"center center","background-size":"auto","background-attachment":"scroll","background-type":"","background-media":"","overlay-type":"","overlay-color":"","overlay-opacity":"","overlay-gradient":""},"tablet":{"background-color":"var(--ast-global-color-5)","background-image":"","background-repeat":"repeat","background-position":"center center","background-size":"auto","background-attachment":"scroll","background-type":"","background-media":"","overlay-type":"","overlay-color":"","overlay-opacity":"","overlay-gradient":""},"mobile":{"background-color":"var(--ast-global-color-5)","background-image":"","background-repeat":"repeat","background-position":"center center","background-size":"auto","background-attachment":"scroll","background-type":"","background-media":"","overlay-type":"","overlay-color":"","overlay-opacity":"","overlay-gradient":""}},"footnotes":""},"class_list":["post-527","page","type-page","status-publish","hentry"],"yoast_head":"<!-- This site is optimized with the Yoast SEO plugin v27.4 - https:\/\/yoast.com\/product\/yoast-seo-wordpress\/ -->\n<title>Nuestros Codirectores - CESA-CEGC<\/title>\n<meta name=\"robots\" content=\"index, follow, max-snippet:-1, max-image-preview:large, max-video-preview:-1\" \/>\n<link rel=\"canonical\" href=\"https:\/\/cesa-cegc.co\/es\/nuestros-codirectores\/\" \/>\n<meta property=\"og:locale\" content=\"es_ES\" \/>\n<meta property=\"og:type\" content=\"article\" \/>\n<meta property=\"og:title\" content=\"Nuestros Codirectores - CESA-CEGC\" \/>\n<meta property=\"og:description\" content=\"Nuestros Codirectores Mar\u00eda Andrea Trujillo D\u00e1vila Mar\u00eda Andrea Trujillo D\u00e1vila, es profesora titular del Colegio de Estudios Superiores de Administraci\u00f3n (CESA), reconocida como investigadora s\u00e9nior por el Ministerio de Ciencias, Doctora en Administraci\u00f3n de la Universidad de los Andes e Ingeniera Sanitaria de la Universidad de Antioquia.&nbsp; Fundadora y codirectora del Centro de Estudios de [&hellip;]\" \/>\n<meta property=\"og:url\" content=\"https:\/\/cesa-cegc.co\/es\/nuestros-codirectores\/\" \/>\n<meta property=\"og:site_name\" content=\"CESA-CEGC\" \/>\n<meta property=\"article:modified_time\" content=\"2023-07-11T23:03:33+00:00\" \/>\n<meta property=\"og:image\" content=\"https:\/\/cesa-cegc.co\/wp-content\/uploads\/2022\/05\/Maria-TD-0-682x1024.jpg\" \/>\n<meta name=\"twitter:card\" content=\"summary_large_image\" \/>\n<meta name=\"twitter:label1\" content=\"Tiempo de lectura\" \/>\n\t<meta name=\"twitter:data1\" content=\"3 minutos\" \/>\n<script type=\"application\/ld+json\" class=\"yoast-schema-graph\">{\"@context\":\"https:\\\/\\\/schema.org\",\"@graph\":[{\"@type\":\"WebPage\",\"@id\":\"https:\\\/\\\/cesa-cegc.co\\\/nuestros-codirectores\\\/\",\"url\":\"https:\\\/\\\/cesa-cegc.co\\\/nuestros-codirectores\\\/\",\"name\":\"Nuestros Codirectores - CESA-CEGC\",\"isPartOf\":{\"@id\":\"http:\\\/\\\/cesa-cegc.co\\\/#website\"},\"primaryImageOfPage\":{\"@id\":\"https:\\\/\\\/cesa-cegc.co\\\/nuestros-codirectores\\\/#primaryimage\"},\"image\":{\"@id\":\"https:\\\/\\\/cesa-cegc.co\\\/nuestros-codirectores\\\/#primaryimage\"},\"thumbnailUrl\":\"https:\\\/\\\/cesa-cegc.co\\\/wp-content\\\/uploads\\\/2022\\\/05\\\/Maria-TD-0-682x1024.jpg\",\"datePublished\":\"2018-11-26T12:45:57+00:00\",\"dateModified\":\"2023-07-11T23:03:33+00:00\",\"breadcrumb\":{\"@id\":\"https:\\\/\\\/cesa-cegc.co\\\/nuestros-codirectores\\\/#breadcrumb\"},\"inLanguage\":\"es-CO\",\"potentialAction\":[{\"@type\":\"ReadAction\",\"target\":[\"https:\\\/\\\/cesa-cegc.co\\\/nuestros-codirectores\\\/\"]}]},{\"@type\":\"ImageObject\",\"inLanguage\":\"es-CO\",\"@id\":\"https:\\\/\\\/cesa-cegc.co\\\/nuestros-codirectores\\\/#primaryimage\",\"url\":\"https:\\\/\\\/cesa-cegc.co\\\/wp-content\\\/uploads\\\/2022\\\/05\\\/Maria-TD-0-682x1024.jpg\",\"contentUrl\":\"https:\\\/\\\/cesa-cegc.co\\\/wp-content\\\/uploads\\\/2022\\\/05\\\/Maria-TD-0-682x1024.jpg\"},{\"@type\":\"BreadcrumbList\",\"@id\":\"https:\\\/\\\/cesa-cegc.co\\\/nuestros-codirectores\\\/#breadcrumb\",\"itemListElement\":[{\"@type\":\"ListItem\",\"position\":1,\"name\":\"Home\",\"item\":\"https:\\\/\\\/cesa-cegc.co\\\/\"},{\"@type\":\"ListItem\",\"position\":2,\"name\":\"Nuestros Codirectores\"}]},{\"@type\":\"WebSite\",\"@id\":\"http:\\\/\\\/cesa-cegc.co\\\/#website\",\"url\":\"http:\\\/\\\/cesa-cegc.co\\\/\",\"name\":\"CESA-CEGC\",\"description\":\"Centro de Estudios en Gobierno Corporativo-CESA\",\"publisher\":{\"@id\":\"http:\\\/\\\/cesa-cegc.co\\\/#organization\"},\"potentialAction\":[{\"@type\":\"SearchAction\",\"target\":{\"@type\":\"EntryPoint\",\"urlTemplate\":\"http:\\\/\\\/cesa-cegc.co\\\/?s={search_term_string}\"},\"query-input\":{\"@type\":\"PropertyValueSpecification\",\"valueRequired\":true,\"valueName\":\"search_term_string\"}}],\"inLanguage\":\"es-CO\"},{\"@type\":\"Organization\",\"@id\":\"http:\\\/\\\/cesa-cegc.co\\\/#organization\",\"name\":\"CESA-CEGC\",\"url\":\"http:\\\/\\\/cesa-cegc.co\\\/\",\"logo\":{\"@type\":\"ImageObject\",\"inLanguage\":\"es-CO\",\"@id\":\"http:\\\/\\\/cesa-cegc.co\\\/#\\\/schema\\\/logo\\\/image\\\/\",\"url\":\"https:\\\/\\\/i0.wp.com\\\/cesa-cegc.co\\\/wp-content\\\/uploads\\\/2020\\\/02\\\/CESA-50-CEGC.png?fit=350%2C77&ssl=1\",\"contentUrl\":\"https:\\\/\\\/i0.wp.com\\\/cesa-cegc.co\\\/wp-content\\\/uploads\\\/2020\\\/02\\\/CESA-50-CEGC.png?fit=350%2C77&ssl=1\",\"width\":350,\"height\":77,\"caption\":\"CESA-CEGC\"},\"image\":{\"@id\":\"http:\\\/\\\/cesa-cegc.co\\\/#\\\/schema\\\/logo\\\/image\\\/\"}}]}<\/script>\n<!-- \/ Yoast SEO plugin. -->","yoast_head_json":{"title":"Nuestros Codirectores - CESA-CEGC","robots":{"index":"index","follow":"follow","max-snippet":"max-snippet:-1","max-image-preview":"max-image-preview:large","max-video-preview":"max-video-preview:-1"},"canonical":"https:\/\/cesa-cegc.co\/es\/nuestros-codirectores\/","og_locale":"es_ES","og_type":"article","og_title":"Nuestros Codirectores - CESA-CEGC","og_description":"Nuestros Codirectores Mar\u00eda Andrea Trujillo D\u00e1vila Mar\u00eda Andrea Trujillo D\u00e1vila, es profesora titular del Colegio de Estudios Superiores de Administraci\u00f3n (CESA), reconocida como investigadora s\u00e9nior por el Ministerio de Ciencias, Doctora en Administraci\u00f3n de la Universidad de los Andes e Ingeniera Sanitaria de la Universidad de Antioquia.&nbsp; Fundadora y codirectora del Centro de Estudios de [&hellip;]","og_url":"https:\/\/cesa-cegc.co\/es\/nuestros-codirectores\/","og_site_name":"CESA-CEGC","article_modified_time":"2023-07-11T23:03:33+00:00","og_image":[{"url":"https:\/\/cesa-cegc.co\/wp-content\/uploads\/2022\/05\/Maria-TD-0-682x1024.jpg","type":"","width":"","height":""}],"twitter_card":"summary_large_image","twitter_misc":{"Tiempo de lectura":"3 minutos"},"schema":{"@context":"https:\/\/schema.org","@graph":[{"@type":"WebPage","@id":"https:\/\/cesa-cegc.co\/nuestros-codirectores\/","url":"https:\/\/cesa-cegc.co\/nuestros-codirectores\/","name":"Nuestros Codirectores - CESA-CEGC","isPartOf":{"@id":"http:\/\/cesa-cegc.co\/#website"},"primaryImageOfPage":{"@id":"https:\/\/cesa-cegc.co\/nuestros-codirectores\/#primaryimage"},"image":{"@id":"https:\/\/cesa-cegc.co\/nuestros-codirectores\/#primaryimage"},"thumbnailUrl":"https:\/\/cesa-cegc.co\/wp-content\/uploads\/2022\/05\/Maria-TD-0-682x1024.jpg","datePublished":"2018-11-26T12:45:57+00:00","dateModified":"2023-07-11T23:03:33+00:00","breadcrumb":{"@id":"https:\/\/cesa-cegc.co\/nuestros-codirectores\/#breadcrumb"},"inLanguage":"es-CO","potentialAction":[{"@type":"ReadAction","target":["https:\/\/cesa-cegc.co\/nuestros-codirectores\/"]}]},{"@type":"ImageObject","inLanguage":"es-CO","@id":"https:\/\/cesa-cegc.co\/nuestros-codirectores\/#primaryimage","url":"https:\/\/cesa-cegc.co\/wp-content\/uploads\/2022\/05\/Maria-TD-0-682x1024.jpg","contentUrl":"https:\/\/cesa-cegc.co\/wp-content\/uploads\/2022\/05\/Maria-TD-0-682x1024.jpg"},{"@type":"BreadcrumbList","@id":"https:\/\/cesa-cegc.co\/nuestros-codirectores\/#breadcrumb","itemListElement":[{"@type":"ListItem","position":1,"name":"Home","item":"https:\/\/cesa-cegc.co\/"},{"@type":"ListItem","position":2,"name":"Nuestros Codirectores"}]},{"@type":"WebSite","@id":"http:\/\/cesa-cegc.co\/#website","url":"http:\/\/cesa-cegc.co\/","name":"CESA-CEGC","description":"Centro de Estudios en Gobierno Corporativo-CESA","publisher":{"@id":"http:\/\/cesa-cegc.co\/#organization"},"potentialAction":[{"@type":"SearchAction","target":{"@type":"EntryPoint","urlTemplate":"http:\/\/cesa-cegc.co\/?s={search_term_string}"},"query-input":{"@type":"PropertyValueSpecification","valueRequired":true,"valueName":"search_term_string"}}],"inLanguage":"es-CO"},{"@type":"Organization","@id":"http:\/\/cesa-cegc.co\/#organization","name":"CESA-CEGC","url":"http:\/\/cesa-cegc.co\/","logo":{"@type":"ImageObject","inLanguage":"es-CO","@id":"http:\/\/cesa-cegc.co\/#\/schema\/logo\/image\/","url":"https:\/\/i0.wp.com\/cesa-cegc.co\/wp-content\/uploads\/2020\/02\/CESA-50-CEGC.png?fit=350%2C77&ssl=1","contentUrl":"https:\/\/i0.wp.com\/cesa-cegc.co\/wp-content\/uploads\/2020\/02\/CESA-50-CEGC.png?fit=350%2C77&ssl=1","width":350,"height":77,"caption":"CESA-CEGC"},"image":{"@id":"http:\/\/cesa-cegc.co\/#\/schema\/logo\/image\/"}}]}},"jetpack_sharing_enabled":true,"_links":{"self":[{"href":"https:\/\/cesa-cegc.co\/es\/wp-json\/wp\/v2\/pages\/527","targetHints":{"allow":["GET"]}}],"collection":[{"href":"https:\/\/cesa-cegc.co\/es\/wp-json\/wp\/v2\/pages"}],"about":[{"href":"https:\/\/cesa-cegc.co\/es\/wp-json\/wp\/v2\/types\/page"}],"author":[{"embeddable":true,"href":"https:\/\/cesa-cegc.co\/es\/wp-json\/wp\/v2\/users\/1"}],"replies":[{"embeddable":true,"href":"https:\/\/cesa-cegc.co\/es\/wp-json\/wp\/v2\/comments?post=527"}],"version-history":[{"count":6,"href":"https:\/\/cesa-cegc.co\/es\/wp-json\/wp\/v2\/pages\/527\/revisions"}],"predecessor-version":[{"id":1796,"href":"https:\/\/cesa-cegc.co\/es\/wp-json\/wp\/v2\/pages\/527\/revisions\/1796"}],"wp:attachment":[{"href":"https:\/\/cesa-cegc.co\/es\/wp-json\/wp\/v2\/media?parent=527"}],"curies":[{"name":"wp","href":"https:\/\/api.w.org\/{rel}","templated":true}]}}